{"id":911,"date":"2011-11-21T17:39:17","date_gmt":"2011-11-21T17:39:17","guid":{"rendered":"http:\/\/rentacar.ge.media-ge.com\/?page_id=911"},"modified":"2015-07-21T14:00:35","modified_gmt":"2015-07-21T14:00:35","slug":"rent-a-car-in-tbilisi-accessories","status":"publish","type":"page","link":"https:\/\/rentacar.ge\/ja\/rent-a-car-in-tbilisi-accessories","title":{"rendered":"\u30a8\u30af\u30b9\u30c8\u30e9"},"content":{"rendered":"<!--CAR-->\n<div class=\"carlist\">\n\t<div class=\"carlistinner\">\n    \t<div class=\"carlisttitle\">\n   \t  <strong>GPS Navigator <\/strong><\/div>\n    \t<div class=\"carlistimg\">\n        <img decoding=\"async\" src=\"\/getimage.php?src=\/dir\/pictures\/accessories\/garmin_nuvi_255w.jpg&#038;w=160&#038;h=80&#038;zc=2\">\n        <\/div>\n        <div class=\"carlistcontent\">\n         <ul>\n         \t<li>\u30de\u30c3\u30d7: \u30b0\u30eb\u30b8\u30a2\u8a73\u7d30 (\u30e9\u30a4\u30bb\u30f3\u30b9\u4ed8\u304d)<\/li>\n            <li>\u8a73\u7d30: \u8a08\u7b97\u6a5f\u3001\u6642\u8a08\u3001\u30eb\u30fc\u30c8\u30fb\u30de\u30c3\u30d7\u3001\u30ac\u30fc\u30df\u30f3\u30fb\u30ed\u30c3\u30af\u3001\uff34\uff2d\uff23\uff08\u4ea4\u901a\u60c5\u5831\u30c1\u30e3\u30f3\u30cd\u30eb\uff09\u3001\uff12\uff24\uff0f\uff13\uff24\u30de\u30c3\u30d7\u3001\u30aa\u30fc\u30c8\u30fb\u30eb\u30fc\u30c8\u6a5f\u80fd\u3001\u30ac\u30fc\u30df\u30f3\u30fb\u30ac\u30e9\u30fc\u30b8\u3001\u4e21\u66ff\u30ec\u30fc\u30c8\u6a5f\u80fd\u3001\u8ddd\u96e2\u8a08\u6e2c\u6a5f\u80fd\u3001\u30d3\u30eb\u30c8\u30fb\u30a4\u30f3\u30fb\u30b9\u30d4\u30fc\u30ab\u30fc\u306a\u3069\u3002<\/li>\n         <\/ul>\n        <\/div>\n    \n    <\/div>\n    \n    <div class=\"carlistprices\">\n    \t<ul>\n        \t<li>\uff11\u65e5\u9593\uff5e\uff13\u65e5\u9593 <strong>10 $<\/strong><\/li>\n            <li>\uff14\u65e5\u9593\uff5e\uff16\u65e5\u9593 <strong>8 $<\/strong><\/li>\n            <li>\uff11\u9031\u9593\uff08\uff17\u65e5\u9593\uff09 <strong style=\" color:white; font-size:22px;\">7 $<\/strong><\/li>\t\n        <\/ul>\n        <a href=\"\/ja\/online-booking\" class=\"carlistbutton\">\u4eca\u3059\u3050\u4e88\u7d04\u3059\u308b<\/a>\n    <\/div>\n<\/div>\n<!--END CAR-->\n<!--CAR-->\n<div class=\"carlist\">\n\t<div class=\"carlistinner\">\n    \t<div class=\"carlisttitle\">\n   \t  <strong>Dach-Basket <\/strong><\/div>\n    \t<div class=\"carlistimg\">\n        <img decoding=\"async\" src=\"\/getimage.php?src=\/dir\/pictures\/accessories\/roof_basket_mitsubishi.jpg&#038;w=160&#038;h=80\">\n        <\/div>\n        <div class=\"carlistcontent\">\n         <ul>\n         \t<li>\u30de\u30c3\u30d7: Thule 828 \u2013 Xperience<\/li>\n            <li>Dach Warenkorb N 828 <\/li>\n            <li>Gr\u00f6\u00dfe (cm) 112\u00d799<\/li>\n         <\/ul>\n        <\/div>\n    \n    <\/div>\n    \n    <div class=\"carlistprices\">\n    \t<ul>\n        \t<li>\uff11\u65e5\u9593\uff5e\uff13\u65e5\u9593 <strong>15 $<\/strong><\/li>\n            <li>\uff14\u65e5\u9593\uff5e\uff16\u65e5\u9593 <strong>12 $<\/strong><\/li>\n            <li>\uff11\u9031\u9593\uff08\uff17\u65e5\u9593\uff09 <strong style=\" color:white; font-size:22px;\">10 $<\/strong><\/li>\t\n        <\/ul>\n        <a href=\"\/ja\/online-booking\" class=\"carlistbutton\">\u4eca\u3059\u3050\u4e88\u7d04\u3059\u308b<\/a>\n    <\/div>\n<\/div>\n<!--END CAR-->\n<!--CAR-->\n<div class=\"carlist\">\n\t<div class=\"carlistinner\">\n    \t<div class=\"carlisttitle\">\n   \t  <strong>\u30eb\u30fc\u30d5\u30fb\u30d0\u30b9\u30b1\u30c3\u30c8<\/strong><\/div>\n    \t<div class=\"carlistimg\">\n        <img decoding=\"async\" src=\"\/getimage.php?src=\/dir\/pictures\/accessories\/Rear_Mounted_Bikes.jpg&#038;w=160&#038;h=80&#038;zc=2\">\n        <\/div>\n        <div class=\"carlistcontent\">\n         <ul>\n         \t<li>\u30de\u30c3\u30d7: Thule 968 Hinten aufgebaut Bikes und Fahrr\u00e4der Reacks und Tr\u00e4ger<\/li>\n         <\/ul>\n        <\/div>\n    \n    <\/div>\n    \n    <div class=\"carlistprices\">\n    \t<ul>\n        \t<li>\uff11\u65e5\u9593\uff5e\uff13\u65e5\u9593 <strong>15 $<\/strong><\/li>\n            <li>\uff14\u65e5\u9593\uff5e\uff16\u65e5\u9593 <strong>12 $<\/strong><\/li>\n            <li>\uff11\u9031\u9593\uff08\uff17\u65e5\u9593\uff09 <strong style=\" color:white; font-size:22px;\">10 $<\/strong><\/li>\t\n        <\/ul>\n        <a href=\"\/ja\/online-booking\" class=\"carlistbutton\">\u4eca\u3059\u3050\u4e88\u7d04\u3059\u308b<\/a>\n    <\/div>\n<\/div>\n<!--END CAR-->\n<!--CAR-->\n<div class=\"carlist\">\n\t<div class=\"carlistinner\">\n    \t<div class=\"carlisttitle\">\n   \t  <strong>\u30ea\u30a2\u30fb\u30de\u30a6\u30f3\u30c6\u30f3\u30d0\u30a4\u30af\u30fb\u30ad\u30e3\u30ea\u30a2 <\/strong><\/div>\n    \t<div class=\"carlistimg\">\n        <img decoding=\"async\" src=\"\/getimage.php?src=\/dir\/pictures\/accessories\/Child_Car_Seat2.jpg&#038;w=160&#038;h=80&#038;zc=2\">\n        <\/div>\n        <div class=\"carlistcontent\">\n         <ul>\n         \t<li>\u30de\u30c3\u30d7: Geeignet f\u00fcr 9 kg bis 36 kg, ab 9 Monat bis ca. 11 Jahre.<\/li>\n         <\/ul>\n        <\/div>\n    \n    <\/div>\n    \n    <div class=\"carlistprices\">\n    \t<ul>\n        \t<li>\uff11\u65e5\u9593\uff5e\uff13\u65e5\u9593 <strong>7 $<\/strong><\/li>\n            <li>\uff14\u65e5\u9593\uff5e\uff16\u65e5\u9593 <strong>6  $<\/strong><\/li>\n            <li>\uff11\u9031\u9593\uff08\uff17\u65e5\u9593\uff09 <strong style=\" color:white; font-size:22px;\">5  $<\/strong><\/li>\t\n        <\/ul>\n        <a href=\"\/ja\/online-booking\" class=\"carlistbutton\">\u4eca\u3059\u3050\u4e88\u7d04\u3059\u308b<\/a>\n    <\/div>\n<\/div>\n<!--END CAR-->\n<!--CAR-->\n<div class=\"carlist\">\n\t<div class=\"carlistinner\">\n    \t<div class=\"carlisttitle\">\n   \t  <strong>\u30c1\u30e3\u30a4\u30eb\u30c9\u30fb\u30b7\u30fc\u30c8 <\/strong><\/div>\n    \t<div class=\"carlistimg\">\n        <img decoding=\"async\" src=\"\/getimage.php?src=\/dir\/pictures\/accessories\/Child_Car_Seat.jpg&#038;w=160&#038;h=80&#038;zc=2\">\n        <\/div>\n        <div class=\"carlistcontent\">\n         <ul>\n         \t<li>\u30de\u30c3\u30d7: Geeignet f\u00fcr 9 kg bis 18 kg, ab 9 Monate bis ca. 4 Jahre<\/li>\n         <\/ul>\n        <\/div>\n    \n    <\/div>\n    \n    <div class=\"carlistprices\">\n    \t<ul>\n        \t<li>\uff11\u65e5\u9593\uff5e\uff13\u65e5\u9593 <strong>7 $<\/strong><\/li>\n            <li>\uff14\u65e5\u9593\uff5e\uff16\u65e5\u9593 <strong>6  $<\/strong><\/li>\n            <li>\uff11\u9031\u9593\uff08\uff17\u65e5\u9593\uff09 <strong style=\" color:white; font-size:22px;\">5  $<\/strong><\/li>\t\n        <\/ul>\n        <a href=\"\/ja\/online-booking\" class=\"carlistbutton\">\u4eca\u3059\u3050\u4e88\u7d04\u3059\u308b<\/a>\n    <\/div>\n<\/div>\n<!--END CAR-->\n<!--CAR-->\n<div class=\"carlist\">\n\t<div class=\"carlistinner\">\n    \t<div class=\"carlisttitle\">\n   \t  <strong>\u30c1\u30e3\u30a4\u30eb\u30c9\u30fb\u30b7\u30fc\u30c8<\/strong><\/div>\n    \t<div class=\"carlistimg\">\n        <img decoding=\"async\" src=\"\/getimage.php?src=\/dir\/pictures\/accessories\/Child_Car_Seat_small.jpg&#038;w=160&#038;h=100&#038;zc=2\">\n        <\/div>\n        <div class=\"carlistcontent\">\n         <ul>\n         \t<li>\u30de\u30c3\u30d7: Geeignet f\u00fcr 3 kg bis 12 kg, ca. 1 Jahr  <\/li>\n         <\/ul>\n        <\/div>\n    \n    <\/div>\n    \n    <div class=\"carlistprices\">\n    \t<ul>\n        \t<li>\uff11\u65e5\u9593\uff5e\uff13\u65e5\u9593 <strong>7 $<\/strong><\/li>\n            <li>\uff14\u65e5\u9593\uff5e\uff16\u65e5\u9593 <strong>6  $<\/strong><\/li>\n            <li>\uff11\u9031\u9593\uff08\uff17\u65e5\u9593\uff09 <strong style=\" color:white; font-size:22px;\">5  $<\/strong><\/li>\t\n        <\/ul>\n        <a href=\"\/ja\/online-booking\" class=\"carlistbutton\">\u4eca\u3059\u3050\u4e88\u7d04\u3059\u308b<\/a>\n    <\/div>\n<\/div>\n<!--END CAR-->\n<!--CAR-->\n<div class=\"carlist\">\n\t<div class=\"carlistinner\">\n    \t<div class=\"carlisttitle\">\n   \t  <strong>\u30c1\u30e3\u30a4\u30eb\u30c9\u30fb\u30b7\u30fc\u30c8<\/strong><\/div>\n    \t<div class=\"carlistimg\">\n        <img decoding=\"async\" src=\"\/getimage.php?src=\/dir\/pictures\/accessories\/child_car_seat_small2.jpg&#038;w=160&#038;h=100&#038;zc=2\">\n        <\/div>\n        <div class=\"carlistcontent\">\n         <ul>\n         \t<li>\u30de\u30c3\u30d7: Geeignet f\u00fcr 9 kg bis 36 kg, ab 9 Monate bis ca. 11 Jahre.  <\/li>\n         <\/ul>\n        <\/div>\n    \n    <\/div>\n    \n    <div class=\"carlistprices\">\n    \t<ul>\n        \t<li>\uff11\u65e5\u9593\uff5e\uff13\u65e5\u9593 <strong>7 $<\/strong><\/li>\n            <li>\uff14\u65e5\u9593\uff5e\uff16\u65e5\u9593 <strong>6  $<\/strong><\/li>\n            <li>\uff11\u9031\u9593\uff08\uff17\u65e5\u9593\uff09 <strong style=\" color:white; font-size:22px;\">5  $<\/strong><\/li>\t\n        <\/ul>\n        <a href=\"\/ja\/online-booking\" class=\"carlistbutton\">\u4eca\u3059\u3050\u4e88\u7d04\u3059\u308b<\/a>\n    <\/div>\n<\/div>\n<!--END CAR-->","protected":false},"excerpt":{"rendered":"GPS Navigator \u30de\u30c3\u30d7: \u30b0\u30eb\u30b8\u30a2\u8a73\u7d30 (\u30e9\u30a4\u30bb\u30f3\u30b9\u4ed8\u304d) \u8a73\u7d30: \u8a08\u7b97\u6a5f\u3001\u6642\u8a08\u3001\u30eb\u30fc\u30c8\u30fb\u30de\u30c3\u30d7\u3001\u30ac\u30fc\u30df\u30f3\u30fb\u30ed\u30c3\u30af\u3001\uff34\uff2d\uff23\uff08\u4ea4\u901a\u60c5\u5831\u30c1\u30e3\u30f3\u30cd\u30eb\uff09\u3001\uff12\uff24\uff0f\uff13\uff24\u30de\u30c3\u30d7\u3001\u30aa\u30fc\u30c8\u30fb\u30eb\u30fc\u30c8\u6a5f\u80fd\u3001\u30ac\u30fc\u30df\u30f3\u30fb\u30ac\u30e9\u30fc\u30b8\u3001\u4e21\u66ff [&hellip;]","protected":false},"author":1,"featured_media":0,"parent":0,"menu_order":0,"comment_status":"open","ping_status":"open","template":"","meta":{"footnotes":""},"class_list":["post-911","page","type-page","status-publish","hentry"],"aioseo_notices":[],"_links":{"self":[{"href":"https:\/\/rentacar.ge\/ja\/wp-json\/wp\/v2\/pages\/911","targetHints":{"allow":["GET"]}}],"collection":[{"href":"https:\/\/rentacar.ge\/ja\/wp-json\/wp\/v2\/pages"}],"about":[{"href":"https:\/\/rentacar.ge\/ja\/wp-json\/wp\/v2\/types\/page"}],"author":[{"embeddable":true,"href":"https:\/\/rentacar.ge\/ja\/wp-json\/wp\/v2\/users\/1"}],"replies":[{"embeddable":true,"href":"https:\/\/rentacar.ge\/ja\/wp-json\/wp\/v2\/comments?post=911"}],"version-history":[{"count":78,"href":"https:\/\/rentacar.ge\/ja\/wp-json\/wp\/v2\/pages\/911\/revisions"}],"predecessor-version":[{"id":2505,"href":"https:\/\/rentacar.ge\/ja\/wp-json\/wp\/v2\/pages\/911\/revisions\/2505"}],"wp:attachment":[{"href":"https:\/\/rentacar.ge\/ja\/wp-json\/wp\/v2\/media?parent=911"}],"curies":[{"name":"wp","href":"https:\/\/api.w.org\/{rel}","templated":true}]}}