{"id":937,"date":"2011-11-21T18:09:26","date_gmt":"2011-11-21T18:09:26","guid":{"rendered":"http:\/\/rentacar.ge.media-ge.com\/?page_id=937"},"modified":"2026-03-05T11:51:56","modified_gmt":"2026-03-05T11:51:56","slug":"main-page","status":"publish","type":"page","link":"https:\/\/rentacar.ge\/fr\/","title":{"rendered":"Location de voiture \u00e0 Tbilissi"},"content":{"rendered":"Si vous voulez louer une voiture \u00e0 Tbilissi pour des affaires, des vacances ou une autre occasion, veuillez contacter +995 (32) 2 14-11-22\/33. Nous vous fournirons \u00e0 court terme ou contrats \u00e0 long terme qui ne manqueront pas vous convenir. Les offres de location voiture de notre entreprise comprennent diff\u00e9rents types de v\u00e9hicules: jeeps, voitures de luxe, voitures de type \u00e9conomique, les bus et Mini-fourgonnettes. Il est possible de louer une voiture avec ou sans un conducteur exp\u00e9riment\u00e9. Vous pouvez \u00e9galement choisir un v\u00e9hicule avec transmission automatique ou manuelle.\r\n<table style=\"margin-bottom: 30px;\" border=\"0px\" width=\"100%\" cellspacing=\"0px\" cellpadding=\"0px\" align=\"center\">\r\n<tbody>\r\n<tr>\r\n<td colspan=\"4\" align=\"center\" valign=\"middle\" height=\"46\">\r\n<h3 id=\"et_pt_title\"><a href=\"http:\/\/rentacar.ge\/fr\/our-fees\">Tarifs sp\u00e9ciaux pour locatio!<\/a><\/h3>\r\n<\/td>\r\n<\/tr>\r\n<tr>\r\n<td colspan=\"4\" align=\"center\" valign=\"middle\" height=\"29\"><i class=\"et_pt_title\" style=\"font-size: 18px; color: #78b80b;\">Unlimited mileage!<\/i><\/td>\r\n<\/tr>\r\n<tr>\r\n<td align=\"center\">Kia Picanto<\/td>\r\n<td align=\"center\">Renault Duster<\/td>\r\n<td align=\"center\">Kia Sportage<\/td>\r\n<td align=\"center\">Hyundai Staria<\/td>\r\n<\/tr>\r\n<tr>\r\n<td align=\"center\"><img decoding=\"async\" src=\"\/wp-content\/uploads\/2011\/11\/kia-picanto.png\" width=\"118\" align=\"absMiddle\" border=\"0\" \/><\/td>\r\n<td align=\"center\"><img decoding=\"async\" src=\"\/wp-content\/uploads\/2011\/11\/renault-duster.png\" width=\"118\" align=\"absMiddle\" border=\"0\" \/><\/td>\r\n<td align=\"center\"><img decoding=\"async\" src=\"\/wp-content\/uploads\/2011\/11\/kia-sportage.png\" width=\"118\" align=\"absMiddle\" border=\"0\" \/><\/td>\r\n<td align=\"center\"><img decoding=\"async\" src=\"\/wp-content\/uploads\/2011\/11\/hyundai-staria.png\" width=\"118\" align=\"absMiddle\" border=\"0\" \/><\/td>\r\n<\/tr>\r\n<tr>\r\n<td align=\"center\" valign=\"middle\">Price for a 7-day car<br>\r\n\r\nrental per day:<br>\r\n\r\n<span id=\"pricea1\">133 GEL<\/span><\/td>\r\n<td align=\"center\" valign=\"middle\">Price for a 7-day car<br>\r\n\r\nrental per day:<br>\r\n\r\n<span id=\"pricea2\">147 GEL<\/span><\/td>\r\n<td align=\"center\" valign=\"middle\">Price for a 7-day car<br>\r\n\r\nrental per day:<br>\r\n\r\n<span id=\"pricea3\">167 GEL<\/span><\/td>\r\n<td align=\"center\" valign=\"middle\">Price for a 7-day car<br>\r\n\r\nrental per day:<br>\r\n\r\n<span id=\"pricea4\">220 GEL<\/span><\/td>\r\n<\/tr>\r\n<\/tbody>\r\n<\/table>\r\nUne voiture peut \u00eatre livr\u00e9e \u00e0 l&rsquo;a\u00e9roport, la gare ou \u00e0 un autre endroit appropri\u00e9 pour le client. Nous prenons soin de nos clients. Nous leur fournissons une assurance gratuite. Il est tr\u00e8s important, car de nombreuses routes de la G\u00e9orgie sont situ\u00e9s dans les r\u00e9gions montagneuses. Si vous avez besoin d&rsquo;une location de voiture \u00e0 Tbilissi, il suffit de regarder \u00e0 travers la liste des voitures disponibles \u00e0 la location. Vous y trouverez toutes les informations n\u00e9cessaires sur la location de voiture. Vous serez en mesure de r\u00e9server une voiture par t\u00e9l\u00e9phone ou en ligne. \u00c9conomisez votre argent avec la location de voiture \u00e0 Tbilissi, en tant que nos prix ont toujours \u00e9t\u00e9 les moins ch\u00e8res dans toute la G\u00e9orgie.","protected":false},"excerpt":{"rendered":"Si vous voulez louer une voiture \u00e0 Tbilissi pour des affaires, des vacances ou une autre occasion, veuillez contacter +995 (32) 2 14-11-22\/33. Nous vous fournirons \u00e0 court terme ou contrats \u00e0 long terme qui ne manqueront pas vous convenir. Les offres de location voiture de notre entreprise comprennent diff\u00e9rents types de v\u00e9hicules: jeeps, voitures [&hellip;]","protected":false},"author":1,"featured_media":0,"parent":0,"menu_order":0,"comment_status":"closed","ping_status":"closed","template":"page-mainpage.php","meta":{"footnotes":""},"class_list":["post-937","page","type-page","status-publish","hentry"],"aioseo_notices":[],"_links":{"self":[{"href":"https:\/\/rentacar.ge\/fr\/wp-json\/wp\/v2\/pages\/937","targetHints":{"allow":["GET"]}}],"collection":[{"href":"https:\/\/rentacar.ge\/fr\/wp-json\/wp\/v2\/pages"}],"about":[{"href":"https:\/\/rentacar.ge\/fr\/wp-json\/wp\/v2\/types\/page"}],"author":[{"embeddable":true,"href":"https:\/\/rentacar.ge\/fr\/wp-json\/wp\/v2\/users\/1"}],"replies":[{"embeddable":true,"href":"https:\/\/rentacar.ge\/fr\/wp-json\/wp\/v2\/comments?post=937"}],"version-history":[{"count":300,"href":"https:\/\/rentacar.ge\/fr\/wp-json\/wp\/v2\/pages\/937\/revisions"}],"predecessor-version":[{"id":2604,"href":"https:\/\/rentacar.ge\/fr\/wp-json\/wp\/v2\/pages\/937\/revisions\/2604"}],"wp:attachment":[{"href":"https:\/\/rentacar.ge\/fr\/wp-json\/wp\/v2\/media?parent=937"}],"curies":[{"name":"wp","href":"https:\/\/api.w.org\/{rel}","templated":true}]}}