{"id":2066,"date":"2012-11-06T16:46:02","date_gmt":"2012-11-06T16:46:02","guid":{"rendered":"http:\/\/rentacar.ge\/?page_id=2066"},"modified":"2012-12-13T10:05:08","modified_gmt":"2012-12-13T10:05:08","slug":"rent-a-car-georgia","status":"publish","type":"page","link":"https:\/\/rentacar.ge\/fr\/rent-a-car-georgia","title":{"rendered":"Rent a car en G\u00e9orgie"},"content":{"rendered":"<p><strong>Pourquoi nous devrions louer la voiture?<\/strong><br \/>\r\n Beaucoup de gens aimeraient voyager de fa\u00e7on ind\u00e9pendante, et n&rsquo;aime pas voyager avec un groupe de voyage.<br \/>\r\nIl ya beaucoup de gens en G\u00e9orgie , qui arrivent pour les affaires, et donc pour ce cat\u00e9gorie de visiteurs est tr\u00e8s confortable location de voiture. <br \/>\r\nRent a car en G\u00e9orgie, comme vous le savez, a des bureaux de location de voitures dans les villes o\u00f9 il ya des a\u00e9roports internationaux.<br \/>\r\nOne &#8211; l&rsquo;entreprise a une succursale situe dans la ville de Kouta\u00efssi.<br \/>\r\nEn raison du fait que l&rsquo;a\u00e9roport international de David Agmashenebeli il y a de vol au d\u00e9part de Kiev et les plans futurs d&rsquo;autres pays \u00e0 voler comme le Belarus, la Russie etc., <br \/>\r\nRent a car Georgia a pris d\u00e9cision d&rsquo;ouvrir nouveau bureau de la ville indiqu\u00e9e, C&rsquo;\u00e9tait la gestion de l&rsquo;entreprise dans une d\u00e9cision unifi\u00e9e et sans \u00e9quivoque. <br \/>\r\nNous esp\u00e9rons que la compagnie de location de voitures deviendra l&rsquo;un des domaines prioritaires et le confort de notre pays, pour les touristes visitant ou visiteurs.<\/p>\r\n<p><strong>Quand nous louerons la voiture&nbsp;?<\/strong><br \/>\r\n Vous pouvez louer une voiture \u00e0 tout moment, quand vous voulez.<br \/>\r\nNous serons \u00e0 votre service. Passez les routes de la G\u00e9orgie avec nous, du savoir Plus<br \/>\r\n D\u00e9couvrez toute la G\u00e9orgie de Kouta\u00efssi <\/p><!--38475--><!--38475-->","protected":false},"excerpt":{"rendered":"Pourquoi nous devrions louer la voiture? Beaucoup de gens aimeraient voyager de fa\u00e7on ind\u00e9pendante, et n&rsquo;aime pas voyager avec un groupe de voyage. Il ya beaucoup de gens en G\u00e9orgie , qui arrivent pour les affaires, et donc pour ce cat\u00e9gorie de visiteurs est tr\u00e8s confortable location de voiture. Rent a car en G\u00e9orgie, comme [&hellip;]","protected":false},"author":1,"featured_media":0,"parent":0,"menu_order":0,"comment_status":"open","ping_status":"open","template":"","meta":{"footnotes":""},"class_list":["post-2066","page","type-page","status-publish","hentry"],"aioseo_notices":[],"_links":{"self":[{"href":"https:\/\/rentacar.ge\/fr\/wp-json\/wp\/v2\/pages\/2066","targetHints":{"allow":["GET"]}}],"collection":[{"href":"https:\/\/rentacar.ge\/fr\/wp-json\/wp\/v2\/pages"}],"about":[{"href":"https:\/\/rentacar.ge\/fr\/wp-json\/wp\/v2\/types\/page"}],"author":[{"embeddable":true,"href":"https:\/\/rentacar.ge\/fr\/wp-json\/wp\/v2\/users\/1"}],"replies":[{"embeddable":true,"href":"https:\/\/rentacar.ge\/fr\/wp-json\/wp\/v2\/comments?post=2066"}],"version-history":[{"count":13,"href":"https:\/\/rentacar.ge\/fr\/wp-json\/wp\/v2\/pages\/2066\/revisions"}],"predecessor-version":[{"id":2217,"href":"https:\/\/rentacar.ge\/fr\/wp-json\/wp\/v2\/pages\/2066\/revisions\/2217"}],"wp:attachment":[{"href":"https:\/\/rentacar.ge\/fr\/wp-json\/wp\/v2\/media?parent=2066"}],"curies":[{"name":"wp","href":"https:\/\/api.w.org\/{rel}","templated":true}]}}