{"id":1212,"date":"2012-02-28T14:56:38","date_gmt":"2012-02-28T14:56:38","guid":{"rendered":"http:\/\/rentacar.ge\/?page_id=1212"},"modified":"2013-08-29T14:19:40","modified_gmt":"2013-08-29T14:19:40","slug":"georgia-kutaisi-car-rental","status":"publish","type":"page","link":"https:\/\/rentacar.ge\/fr\/georgia-kutaisi-car-rental","title":{"rendered":"Location de voiture \u00e0  Kouta\u00efssi"},"content":{"rendered":"<a href=\"\/wp-content\/uploads\/2012\/02\/georgia_kutaisi1.jpg\"><img loading=\"lazy\" decoding=\"async\" src=\"\/wp-content\/uploads\/2012\/02\/georgia_kutaisi1.jpg\" style=\"padding:10px\" alt=\"\" title=\"kutaisi\" width=\"300\" height=\"225\" align=\"left\" class=\"alignnone size-medium wp-image-1550\" \/><\/a> Rent a car G\u00e9orgia  vous propose Location de voitures \u00e0 Kouta\u00efssi. Comme vous le savez peut-\u00eatre, elle  est l&rsquo;une  de la ville antique de la G\u00e9orgie. Kutaisi est situ\u00e9  de 220 km de  Tbilissi  et  sur  les  deux  rives  de la rivi\u00e8re Rioni. \r\n\r\nL&rsquo;a\u00e9roport  de Kouta\u00efssi est Kopitnari. On fait l&rsquo;a\u00e9roport international \u00e0 Kopitnari o\u00f9 de nombreuses compagnies A\u00e9rien seront en  ligne. L\u2019un  est un WIZZ AIR, qui sera mis du vol. \u00e0 partir de Septembre, dans la direction de Kouta\u00efssi. \r\n                                                                                                                                               \r\nRent a car G\u00e9orgia ouvre une succursale \u00e0 cet \u00e9gard. Location de voitures en sera tr\u00e8s confortable pour  consommateurseurs, car la ville est situ\u00e9e entre Batumi et Tbilissi, la distance \u00e0 peu pr\u00e8s \u00e9gale, ainsi qu\u2019 il y a l\u2019a\u00e9roport international  \u00e0 Batumi.\r\n\r\nKutaisi est une ville tr\u00e8s int\u00e9ressante pour les touristes et de nombreux touristes le visitent.Pres de kutaissi  il y a  la station baln\u00e9aire de Tskaltoubo, connue avec  ses eaux curatives,  avec  sa  belle nature et de la grotte de Prom\u00e9th\u00e9e,  la plus c\u00e9l\u00e8bre de la G\u00e9orgie.\r\n                                                                                                                \r\nVous pouvez visiter  la vieille ville reconstruite, renouvel\u00e9e et belle Temple de Bagrati, Monast\u00e8re de Gelati, Eglise des Martyrs et grotte de Sataplia, o\u00f9  on peut  voir un Empreinte de  dinosaure.\r\n\r\nAinsi, tous disponibles en  arrivant  \u00e0 Kouta\u00efssi   louer de voiture pour visiter la ville.\r\nRent a car G\u00e9orgia vous propose un grand choix de voitures  de prix les plus bas.\r\nLouez  une voiture de la soci\u00e9t\u00e9 Rentacar G\u00e9orgie et voyagez  confortablement et \u00e0 bon march\u00e9 en G\u00e9orgie.","protected":false},"excerpt":{"rendered":"Rent a car G\u00e9orgia vous propose Location de voitures \u00e0 Kouta\u00efssi. Comme vous le savez peut-\u00eatre, elle est l&rsquo;une de la ville antique de la G\u00e9orgie. Kutaisi est situ\u00e9 de 220 km de Tbilissi et sur les deux rives de la rivi\u00e8re Rioni. L&rsquo;a\u00e9roport de Kouta\u00efssi est Kopitnari. On fait l&rsquo;a\u00e9roport international \u00e0 Kopitnari o\u00f9 [&hellip;]","protected":false},"author":1,"featured_media":1637,"parent":0,"menu_order":0,"comment_status":"open","ping_status":"closed","template":"","meta":{"footnotes":""},"class_list":["post-1212","page","type-page","status-publish","has-post-thumbnail","hentry"],"aioseo_notices":[],"_links":{"self":[{"href":"https:\/\/rentacar.ge\/fr\/wp-json\/wp\/v2\/pages\/1212","targetHints":{"allow":["GET"]}}],"collection":[{"href":"https:\/\/rentacar.ge\/fr\/wp-json\/wp\/v2\/pages"}],"about":[{"href":"https:\/\/rentacar.ge\/fr\/wp-json\/wp\/v2\/types\/page"}],"author":[{"embeddable":true,"href":"https:\/\/rentacar.ge\/fr\/wp-json\/wp\/v2\/users\/1"}],"replies":[{"embeddable":true,"href":"https:\/\/rentacar.ge\/fr\/wp-json\/wp\/v2\/comments?post=1212"}],"version-history":[{"count":144,"href":"https:\/\/rentacar.ge\/fr\/wp-json\/wp\/v2\/pages\/1212\/revisions"}],"predecessor-version":[{"id":1285,"href":"https:\/\/rentacar.ge\/fr\/wp-json\/wp\/v2\/pages\/1212\/revisions\/1285"}],"wp:featuredmedia":[{"embeddable":true,"href":"https:\/\/rentacar.ge\/fr\/wp-json\/wp\/v2\/media\/1637"}],"wp:attachment":[{"href":"https:\/\/rentacar.ge\/fr\/wp-json\/wp\/v2\/media?parent=1212"}],"curies":[{"name":"wp","href":"https:\/\/api.w.org\/{rel}","templated":true}]}}