{"id":1089,"date":"2011-12-20T17:48:05","date_gmt":"2011-12-20T17:48:05","guid":{"rendered":"http:\/\/rentacar.ge\/?page_id=1089"},"modified":"2013-03-18T14:00:40","modified_gmt":"2013-03-18T14:00:40","slug":"rent-a-car-batumi","status":"publish","type":"page","link":"https:\/\/rentacar.ge\/fr\/rent-a-car-batumi","title":{"rendered":"Location de voiture \u00e0 Batoumi."},"content":{"rendered":"Avez vous d\u00e9cid\u00e9 de louer une voiture \u00e0 Batoumi? Devant vous avez un voyage d&rsquo;affaires ou d\u00e9cid\u00e9 de se d\u00e9tendre \u00e0 Batumi? Meilleure entreprise de location de voiture \u00e0 Batoumi, \u00e0 votre disposition. \n\nAppelez-995 (32) 2 14-11-22 ou \u00e9crivez nous  \u00e0 contact@rentacar.ge. Nous vous fournissons tout type de voiture \u00e0 Batoumi d\u00e8s que possible par des prix bas sur les jeep,  voitures de luxe,  les \u00e9conomiques voitures, autobus et fourgonnettes. \nVous pouvez louer une voiture \u00e0 Batoumi avec un pilote exp\u00e9riment\u00e9 ou sans chauffeur, une voiture avec une automatique ou une transmission manuelle. La voiture peut \u00eatre livr\u00e9e \u00e0 la station de l&rsquo;a\u00e9roport de Batoumi ou tout autre lieu appropri\u00e9 pour vous. Nous nous soucions de nos clients. Nous leur fournissons une assurance gratuite.\n\n Il est tr\u00e8s important, car de nombreuses routes en G\u00e9orgie sont situ\u00e9s dans les zones montagneuses. Si vous avez besoin de louer une voiture \u00e0 Batoumi, s&rsquo;il vous pla\u00eet consulter la liste des voitures disponibles \u00e0 la location. Ici vous trouverez toutes les informations n\u00e9cessaires sur la location de voiture. Vous pouvez r\u00e9server une voiture par t\u00e9l\u00e9phone ou via la Web &#8211; page.\n\n\u00c9conomisez votre argent pour la location de v\u00e9hicules \u00e0 Batoumi, car nos prix sont toujours les plus abordables sur l&rsquo;ensemble du territoire de la G\u00e9orgie.\n\nLouer une voiture de compagnie \u00e0 Batoumi, en G\u00e9orgie, la location de Batoumi, en G\u00e9orgie offre une vari\u00e9t\u00e9 de r\u00e9ductions sur les locations de voiture et les meilleurs prix sur la location de voiture, enti\u00e8rement concern\u00e9  sur les besoins des clients. Une grande vari\u00e9t\u00e9 de v\u00e9hicules de l&rsquo;\u00e9conomique, les petites voitures aux voitures de luxe et des jeeps sont \u00e0 votre disposition.\n\nTous nos v\u00e9hicules sont \u00e9quip\u00e9s d&rsquo;installations modernes et des fonctions de s\u00e9curit\u00e9 qui garantissent une balade r\u00e9ussie et confortable. Utiliser un moyen facile de trouver la meilleure voiture de location \u00e0 Batoumi. \nNotre entreprise offre les derni\u00e8res informations techniques sur les routes et les autres d\u00e9veloppements d&rsquo;infrastructures et les changements, et il vous donne une garantie de qualit\u00e9 et d&rsquo;efficacit\u00e9 dans les 24 heures. \n\nR\u00e9servez votre location de voiture \u00e0 Batoumi, en voiture, Batoumi, en G\u00e9orgie, et pour assurer un s\u00e9jour r\u00e9ussi ou r\u00e9union d&rsquo;affaires. \nChoisissez votre location de voiture \u00e0 Batoumi mieux, seulement un seul clic, louer une voiture en G\u00e9orgie.","protected":false},"excerpt":{"rendered":"Avez vous d\u00e9cid\u00e9 de louer une voiture \u00e0 Batoumi? Devant vous avez un voyage d&rsquo;affaires ou d\u00e9cid\u00e9 de se d\u00e9tendre \u00e0 Batumi? Meilleure entreprise de location de voiture \u00e0 Batoumi, \u00e0 votre disposition. Appelez-995 (32) 2 14-11-22 ou \u00e9crivez nous \u00e0 contact@rentacar.ge. Nous vous fournissons tout type de voiture \u00e0 Batoumi d\u00e8s que possible par [&hellip;]","protected":false},"author":1,"featured_media":0,"parent":0,"menu_order":0,"comment_status":"open","ping_status":"open","template":"","meta":{"footnotes":""},"class_list":["post-1089","page","type-page","status-publish","hentry"],"aioseo_notices":[],"_links":{"self":[{"href":"https:\/\/rentacar.ge\/fr\/wp-json\/wp\/v2\/pages\/1089","targetHints":{"allow":["GET"]}}],"collection":[{"href":"https:\/\/rentacar.ge\/fr\/wp-json\/wp\/v2\/pages"}],"about":[{"href":"https:\/\/rentacar.ge\/fr\/wp-json\/wp\/v2\/types\/page"}],"author":[{"embeddable":true,"href":"https:\/\/rentacar.ge\/fr\/wp-json\/wp\/v2\/users\/1"}],"replies":[{"embeddable":true,"href":"https:\/\/rentacar.ge\/fr\/wp-json\/wp\/v2\/comments?post=1089"}],"version-history":[{"count":75,"href":"https:\/\/rentacar.ge\/fr\/wp-json\/wp\/v2\/pages\/1089\/revisions"}],"predecessor-version":[{"id":1104,"href":"https:\/\/rentacar.ge\/fr\/wp-json\/wp\/v2\/pages\/1089\/revisions\/1104"}],"wp:attachment":[{"href":"https:\/\/rentacar.ge\/fr\/wp-json\/wp\/v2\/media?parent=1089"}],"curies":[{"name":"wp","href":"https:\/\/api.w.org\/{rel}","templated":true}]}}