{"id":937,"date":"2011-11-21T18:09:26","date_gmt":"2011-11-21T18:09:26","guid":{"rendered":"http:\/\/rentacar.ge.media-ge.com\/?page_id=937"},"modified":"2026-03-05T11:51:56","modified_gmt":"2026-03-05T11:51:56","slug":"main-page","status":"publish","type":"page","link":"https:\/\/rentacar.ge\/de\/","title":{"rendered":"Autovermietung in Georgia"},"content":{"rendered":"Wenn Sie in Tbilissi ein Auto f\u00fcr Ihre Gesch\u00e4ftsachen, Ferien oder f\u00fcr andere Zwecken mieten\r\nwollen, kontaktieren Sie uns: +995 (32) 2 14-11-22\/33. Wir werden Ihnen einen kurzfristigen oder langfristigen\r\nVertrag, mit Ber\u00fccksichtung Ihren W\u00fcnschen, reichen. Bei uns k\u00f6nnen Sie Ihren Auswahl zwischen\r\nverschiedenen Arten von Wagen machen: Jeeps, Luxuswagen, \u04e6konom-Autos, Busse und Mini\r\nVans. Es ist m\u00f6glich, ein Auto mit oder ohne einen erfahrenen Fahrer zu mieten. Sie k\u00f6nnen ein\r\nFahrzeug wie mit automatischem als auch mit manuellem Antrieb ausw\u00e4hlen.\r\n<table style=\"margin-bottom: 30px;\" border=\"0px\" width=\"100%\" cellspacing=\"0px\" cellpadding=\"0px\" align=\"center\">\r\n<tbody>\r\n<tr>\r\n<td colspan=\"4\" align=\"center\" valign=\"middle\" height=\"46\">\r\n<h3 id=\"et_pt_title\"><a href=\"http:\/\/rentacar.ge\/de\/our-fees\">Spezielle Preise f\u00fcr Mietwagen!<\/a><\/h3>\r\n<\/td>\r\n<\/tr>\r\n<tr>\r\n<td colspan=\"4\" align=\"center\" valign=\"middle\" height=\"29\"><i class=\"et_pt_title\" style=\"font-size: 18px; color: #78b80b;\">Unlimited mileage!<\/i><\/td>\r\n<\/tr>\r\n<tr>\r\n<td align=\"center\">Kia Picanto<\/td>\r\n<td align=\"center\">Renault Duster<\/td>\r\n<td align=\"center\">Kia Sportage<\/td>\r\n<td align=\"center\">Hyundai Staria<\/td>\r\n<\/tr>\r\n<tr>\r\n<td align=\"center\"><img decoding=\"async\" src=\"\/wp-content\/uploads\/2011\/11\/kia-picanto.png\" width=\"118\" align=\"absMiddle\" border=\"0\" \/><\/td>\r\n<td align=\"center\"><img decoding=\"async\" src=\"\/wp-content\/uploads\/2011\/11\/renault-duster.png\" width=\"118\" align=\"absMiddle\" border=\"0\" \/><\/td>\r\n<td align=\"center\"><img decoding=\"async\" src=\"\/wp-content\/uploads\/2011\/11\/kia-sportage.png\" width=\"118\" align=\"absMiddle\" border=\"0\" \/><\/td>\r\n<td align=\"center\"><img decoding=\"async\" src=\"\/wp-content\/uploads\/2011\/11\/hyundai-staria.png\" width=\"118\" align=\"absMiddle\" border=\"0\" \/><\/td>\r\n<\/tr>\r\n<tr>\r\n<td align=\"center\" valign=\"middle\">T\u00e4glicher Preis der<br>\r\n\r\nAutomietung f\u00fcr 7 Tage<br>\r\n\r\nPreis schliesst<br>\r\n\r\nsich MwSt ein:<br>\r\n\r\n<span id=\"pricea1\">133 GEL<\/span><\/td>\r\n<td align=\"center\" valign=\"middle\">T\u00e4glicher Preis der<br>\r\n\r\nAutomietung f\u00fcr 7 Tage<br>\r\n\r\nPreis schliesst<br>\r\n\r\nsich MwSt ein:<br>\r\n\r\n<span id=\"pricea2\">147 GEL<\/span><\/td>\r\n<td align=\"center\" valign=\"middle\">T\u00e4glicher Preis der<br>\r\n\r\nAutomietung f\u00fcr 7 Tage<br>\r\n\r\nPreis schliesst<br>\r\n\r\nsich MwSt ein:<br>\r\n\r\n<span id=\"pricea3\">167 GEL<\/span><\/td>\r\n<td align=\"center\" valign=\"middle\">T\u00e4glicher Preis der<br>\r\n\r\nAutomietung f\u00fcr 7 Tage<br>\r\n\r\nPreis schliesst<br>\r\n\r\nsich MwSt ein:<br>\r\n\r\n<span id=\"pricea4\">220 GEL<\/span><\/td>\r\n<\/tr>\r\n<\/tbody>\r\n<\/table>\r\nWir k\u00f6nnen das Auto\r\nf\u00fcr unsere Kunden zum Flughafen, zum Bahnhof oder zum anderen Ort liefern. Wir k\u00fcmmern\r\nuns um unsere Kunden. Wir bieten ihnen kostenlose Versicherung. Es ist sehr wichtig, da viele\r\nder georgischen Stra\u00dfen in Bergregionen liegen. Wenn Sie einen Mietwagen in Tbilissi brauchen,\r\nschauen Sie an nur die Liste der verf\u00fcgbaren Fahrzeuge zur Vermietung. Dort finden Sie alle\r\nnotwendigen Informationen \u00fcber die Autovermietung. Sie k\u00f6nnen ein Auto entweder telefonisch\r\noder per Internet buchen. Sparen Sie Ihr Geld bei der Autovermietung in Tbilisi. Unsere Preise,\r\nwie immer sind die billigsten in ganzen Georgien.","protected":false},"excerpt":{"rendered":"Wenn Sie in Tbilissi ein Auto f\u00fcr Ihre Gesch\u00e4ftsachen, Ferien oder f\u00fcr andere Zwecken mieten wollen, kontaktieren Sie uns: +995 (32) 2 14-11-22\/33. Wir werden Ihnen einen kurzfristigen oder langfristigen Vertrag, mit Ber\u00fccksichtung Ihren W\u00fcnschen, reichen. Bei uns k\u00f6nnen Sie Ihren Auswahl zwischen verschiedenen Arten von Wagen machen: Jeeps, Luxuswagen, \u04e6konom-Autos, Busse und Mini Vans. [&hellip;]","protected":false},"author":1,"featured_media":0,"parent":0,"menu_order":0,"comment_status":"closed","ping_status":"closed","template":"page-mainpage.php","meta":{"footnotes":""},"class_list":["post-937","page","type-page","status-publish","hentry"],"aioseo_notices":[],"_links":{"self":[{"href":"https:\/\/rentacar.ge\/de\/wp-json\/wp\/v2\/pages\/937","targetHints":{"allow":["GET"]}}],"collection":[{"href":"https:\/\/rentacar.ge\/de\/wp-json\/wp\/v2\/pages"}],"about":[{"href":"https:\/\/rentacar.ge\/de\/wp-json\/wp\/v2\/types\/page"}],"author":[{"embeddable":true,"href":"https:\/\/rentacar.ge\/de\/wp-json\/wp\/v2\/users\/1"}],"replies":[{"embeddable":true,"href":"https:\/\/rentacar.ge\/de\/wp-json\/wp\/v2\/comments?post=937"}],"version-history":[{"count":300,"href":"https:\/\/rentacar.ge\/de\/wp-json\/wp\/v2\/pages\/937\/revisions"}],"predecessor-version":[{"id":2604,"href":"https:\/\/rentacar.ge\/de\/wp-json\/wp\/v2\/pages\/937\/revisions\/2604"}],"wp:attachment":[{"href":"https:\/\/rentacar.ge\/de\/wp-json\/wp\/v2\/media?parent=937"}],"curies":[{"name":"wp","href":"https:\/\/api.w.org\/{rel}","templated":true}]}}