{"id":913,"date":"2011-11-21T17:39:57","date_gmt":"2011-11-21T17:39:57","guid":{"rendered":"http:\/\/rentacar.ge.media-ge.com\/?page_id=913"},"modified":"2015-07-28T15:33:59","modified_gmt":"2015-07-28T15:33:59","slug":"online-booking","status":"publish","type":"page","link":"https:\/\/rentacar.ge\/de\/online-booking","title":{"rendered":"Online-Buchung"},"content":{"rendered":"<!--iframe frameborder=\"0\" style=\"border: medium none; width: 60%; min-height: 450px;\" src=\"http:\/\/partners.naniko.com\/?form=2&refID=28\"><\/iframe-->\r\n\r\n<script src='\/\/partners.naniko.com\/tpl\/js\/getCarResults.js'><\/script>\r\n<div id='naniko-car-result' class='naniko-car-result' data-partner-id='28'><\/div>\r\n\r\nOnline-Buchung ist die einfachste M\u00f6glichkeit, um ein Auto zu mieten.  Daf\u00fcr m\u00fcssen Sie nur einige einfache Operation machen.\r\n\r\n<strong>Der erste Schritt!<\/strong>\r\nF\u00fcllen Sie das leere  Formular, wann und wo Sie  Ihr  gew\u00fcnschten Wagen kriegen und wann Sie es zur\u00fcckgeben wollen! Klicken Sie folgende Schritt: <strong>Get A Quote!<\/strong>\r\n\r\n<strong>Der zweite Schritt!<\/strong>\r\nSie k\u00f6nnen Ihr Auto unter den angegebenen Autos ausw\u00e4hlen, und der Preis wird automatisch berechnet und angezeigt werden! Sehen Sie Information \u00fcber Autopreisen unter:  <a title=\"Our Fees\" href=\"http:\/\/rentacar.ge\/de\/our-fees\">unsere Geb\u00fchren<\/a>.\r\n\r\n<strong>Der dritte Schritt<\/strong><strong>!<\/strong>\r\nSie werden ganze Information \u00fcber den berechneten Preis, Tag und Ort  sehen.  Hier  k\u00f6nnen Sie auch notwendige Informationnen \u00fcber verschiedene Acsesoires  sehen, die man bei uns mieten kann.\r\n\r\n<strong>Der letzte Schritt! <\/strong>\r\nDr\u00fccken Sie weiter und f\u00fcllen Sie alle L\u00fccken, best\u00e4tigen Sie mit einem Klick den gef\u00fcllten Formular  und Ihre  Buchung wird in Kraft sein.\r\n\r\n<strong>Hinweis: <\/strong>\r\nWenn Sie Ihre Buchung stornieren wollen, klicken Sie Link &#8211;  Stornierung am Ende des Briefes, nachdem Sie die Buchungsbest\u00e4tigung erhalten.\r\nNur ein Klick und die Buchung wird storniert.<!--38475--><!--38475-->","protected":false},"excerpt":{"rendered":"Online-Buchung ist die einfachste M\u00f6glichkeit, um ein Auto zu mieten. Daf\u00fcr m\u00fcssen Sie nur einige einfache Operation machen. Der erste Schritt! F\u00fcllen Sie das leere Formular, wann und wo Sie Ihr gew\u00fcnschten Wagen kriegen und wann Sie es zur\u00fcckgeben wollen! Klicken Sie folgende Schritt: Get A Quote! Der zweite Schritt! Sie k\u00f6nnen Ihr Auto unter [&hellip;]","protected":false},"author":1,"featured_media":0,"parent":0,"menu_order":0,"comment_status":"open","ping_status":"open","template":"","meta":{"footnotes":""},"class_list":["post-913","page","type-page","status-publish","hentry"],"aioseo_notices":[],"_links":{"self":[{"href":"https:\/\/rentacar.ge\/de\/wp-json\/wp\/v2\/pages\/913","targetHints":{"allow":["GET"]}}],"collection":[{"href":"https:\/\/rentacar.ge\/de\/wp-json\/wp\/v2\/pages"}],"about":[{"href":"https:\/\/rentacar.ge\/de\/wp-json\/wp\/v2\/types\/page"}],"author":[{"embeddable":true,"href":"https:\/\/rentacar.ge\/de\/wp-json\/wp\/v2\/users\/1"}],"replies":[{"embeddable":true,"href":"https:\/\/rentacar.ge\/de\/wp-json\/wp\/v2\/comments?post=913"}],"version-history":[{"count":32,"href":"https:\/\/rentacar.ge\/de\/wp-json\/wp\/v2\/pages\/913\/revisions"}],"predecessor-version":[{"id":2507,"href":"https:\/\/rentacar.ge\/de\/wp-json\/wp\/v2\/pages\/913\/revisions\/2507"}],"wp:attachment":[{"href":"https:\/\/rentacar.ge\/de\/wp-json\/wp\/v2\/media?parent=913"}],"curies":[{"name":"wp","href":"https:\/\/api.w.org\/{rel}","templated":true}]}}