{"id":911,"date":"2011-11-21T17:39:17","date_gmt":"2011-11-21T17:39:17","guid":{"rendered":"http:\/\/rentacar.ge.media-ge.com\/?page_id=911"},"modified":"2015-07-21T14:00:35","modified_gmt":"2015-07-21T14:00:35","slug":"rent-a-car-in-tbilisi-accessories","status":"publish","type":"page","link":"https:\/\/rentacar.ge\/de\/rent-a-car-in-tbilisi-accessories","title":{"rendered":"Zubeh\u00f6r"},"content":{"rendered":"<!--CAR-->\n<div class=\"carlist\">\n\t<div class=\"carlistinner\">\n    \t<div class=\"carlisttitle\">\n   \t  <strong>GPS Navigator<\/strong><\/div>\n    \t<div class=\"carlistimg\">\n        <img decoding=\"async\" src=\"\/getimage.php?src=\/dir\/pictures\/accessories\/garmin_nuvi_255w.jpg&#038;w=160&#038;h=80&#038;zc=2\">\n        <\/div>\n        <div class=\"carlistcontent\">\n         <ul>\n         \t<li>Karte: Georgien (lizenzierte)<\/li>\n            <li>Details: Rechner, Uhr, ecoRoute, Garmin Lock, TMC (Verkehrskanal) , 2D-\/ 3D Perspektive, Automatische Neuberechnung der Route, Garmin Garage, W\u00e4hrungsrechner, Einheitenrechner, Foto-Anzeigefunktion, benutzerdefinierte POIs, eingebauter Lautsprecher<\/li>\n         <\/ul>\n        <\/div>\n    \n    <\/div>\n    \n    <div class=\"carlistprices\">\n    \t<ul>\n        \t<li>1-3 Tag(e) <strong>10 $<\/strong><\/li>\n            <li>4-6 Tage <strong>8 $<\/strong><\/li>\n            <li>1 Woche 7 Tage und mehr\u2026 <strong style=\" color:white; font-size:22px;\">7 $<\/strong><\/li>\t\n        <\/ul>\n        <a href=\"\/de\/online-booking\" class=\"carlistbutton\">Boek nu<\/a>\n    <\/div>\n<\/div>\n<!--END CAR-->\n<!--CAR-->\n<div class=\"carlist\">\n\t<div class=\"carlistinner\">\n    \t<div class=\"carlisttitle\">\n   \t  <strong>Dach-Basket <\/strong><\/div>\n    \t<div class=\"carlistimg\">\n        <img decoding=\"async\" src=\"\/getimage.php?src=\/dir\/pictures\/accessories\/roof_basket_mitsubishi.jpg&#038;w=160&#038;h=80\">\n        <\/div>\n        <div class=\"carlistcontent\">\n         <ul>\n         \t<li>Details: Thule 828 \u2013 Xperience<\/li>\n            <li>Dach Warenkorb N 828 <\/li>\n            <li>Gr\u00f6\u00dfe (cm) 112\u00d799<\/li>\n         <\/ul>\n        <\/div>\n    \n    <\/div>\n    \n    <div class=\"carlistprices\">\n    \t<ul>\n        \t<li>1-3 Tag(e) <strong>15 $<\/strong><\/li>\n            <li>4-6 Tage <strong>12 $<\/strong><\/li>\n            <li>1 Woche 7 Tage und mehr\u2026 <strong style=\" color:white; font-size:22px;\">10 $<\/strong><\/li>\t\n        <\/ul>\n        <a href=\"\/de\/online-booking\" class=\"carlistbutton\">Boek nu<\/a>\n    <\/div>\n<\/div>\n<!--END CAR-->\n<!--CAR-->\n<div class=\"carlist\">\n\t<div class=\"carlistinner\">\n    \t<div class=\"carlisttitle\">\n   \t  <strong>Hinten aufgebaute Bikes<\/strong><\/div>\n    \t<div class=\"carlistimg\">\n        <img decoding=\"async\" src=\"\/getimage.php?src=\/dir\/pictures\/accessories\/Rear_Mounted_Bikes.jpg&#038;w=160&#038;h=80&#038;zc=2\">\n        <\/div>\n        <div class=\"carlistcontent\">\n         <ul>\n         \t<li>Details: Thule 968 Hinten aufgebaut Bikes und Fahrr\u00e4der Reacks und Tr\u00e4ger<\/li>\n         <\/ul>\n        <\/div>\n    \n    <\/div>\n    \n    <div class=\"carlistprices\">\n    \t<ul>\n        \t<li>1-3 Tag(e) <strong>15 $<\/strong><\/li>\n            <li>4-6 Tage <strong>12 $<\/strong><\/li>\n            <li>1 Woche 7 Tage und mehr\u2026 <strong style=\" color:white; font-size:22px;\">10 $<\/strong><\/li>\t\n        <\/ul>\n        <a href=\"\/de\/online-booking\" class=\"carlistbutton\">Boek nu<\/a>\n    <\/div>\n<\/div>\n<!--END CAR-->\n<!--CAR-->\n<div class=\"carlist\">\n\t<div class=\"carlistinner\">\n    \t<div class=\"carlisttitle\">\n   \t  <strong>Autositz f\u00fcr Kinder  <\/strong><\/div>\n    \t<div class=\"carlistimg\">\n        <img decoding=\"async\" src=\"\/getimage.php?src=\/dir\/pictures\/accessories\/Child_Car_Seat2.jpg&#038;w=160&#038;h=80&#038;zc=2\">\n        <\/div>\n        <div class=\"carlistcontent\">\n         <ul>\n         \t<li>Details: Geeignet f\u00fcr 9 kg bis 36 kg, ab 9 Monat bis ca. 11 Jahre.<\/li>\n         <\/ul>\n        <\/div>\n    \n    <\/div>\n    \n    <div class=\"carlistprices\">\n    \t<ul>\n        \t<li>1-3 Tag(e) <strong>7 $<\/strong><\/li>\n            <li>4-6 Tage <strong>6  $<\/strong><\/li>\n            <li>1 Woche 7 Tage und mehr\u2026 <strong style=\" color:white; font-size:22px;\">5  $<\/strong><\/li>\t\n        <\/ul>\n        <a href=\"\/de\/online-booking\" class=\"carlistbutton\">Boek nu<\/a>\n    <\/div>\n<\/div>\n<!--END CAR-->\n<!--CAR-->\n<div class=\"carlist\">\n\t<div class=\"carlistinner\">\n    \t<div class=\"carlisttitle\">\n   \t  <strong>Der Autokindersitz <\/strong><\/div>\n    \t<div class=\"carlistimg\">\n        <img decoding=\"async\" src=\"\/getimage.php?src=\/dir\/pictures\/accessories\/Child_Car_Seat.jpg&#038;w=160&#038;h=80&#038;zc=2\">\n        <\/div>\n        <div class=\"carlistcontent\">\n         <ul>\n         \t<li>Details: Geeignet f\u00fcr 9 kg bis 18 kg, ab 9 Monate bis ca. 4 Jahre<\/li>\n         <\/ul>\n        <\/div>\n    \n    <\/div>\n    \n    <div class=\"carlistprices\">\n    \t<ul>\n        \t<li>1-3 Tag(e) <strong>7 $<\/strong><\/li>\n            <li>4-6 Tage <strong>6  $<\/strong><\/li>\n            <li>1 Woche 7 Tage und mehr\u2026 <strong style=\" color:white; font-size:22px;\">5  $<\/strong><\/li>\t\n        <\/ul>\n        <a href=\"\/de\/online-booking\" class=\"carlistbutton\">Boek nu<\/a>\n    <\/div>\n<\/div>\n<!--END CAR-->\n<!--CAR-->\n<div class=\"carlist\">\n\t<div class=\"carlistinner\">\n    \t<div class=\"carlisttitle\">\n   \t  <strong>Der Autokindersitz<\/strong><\/div>\n    \t<div class=\"carlistimg\">\n        <img decoding=\"async\" src=\"\/getimage.php?src=\/dir\/pictures\/accessories\/Child_Car_Seat_small.jpg&#038;w=160&#038;h=100&#038;zc=2\">\n        <\/div>\n        <div class=\"carlistcontent\">\n         <ul>\n         \t<li>Details: Geeignet f\u00fcr 3 kg bis 12 kg, ca. 1 Jahr  <\/li>\n         <\/ul>\n        <\/div>\n    \n    <\/div>\n    \n    <div class=\"carlistprices\">\n    \t<ul>\n        \t<li>1-3 Tag(e) <strong>7 $<\/strong><\/li>\n            <li>4-6 Tage <strong>6  $<\/strong><\/li>\n            <li>1 Woche 7 Tage und mehr\u2026 <strong style=\" color:white; font-size:22px;\">5  $<\/strong><\/li>\t\n        <\/ul>\n        <a href=\"\/de\/online-booking\" class=\"carlistbutton\">Boek nu<\/a>\n    <\/div>\n<\/div>\n<!--END CAR-->\n<!--CAR-->\n<div class=\"carlist\">\n\t<div class=\"carlistinner\">\n    \t<div class=\"carlisttitle\">\n   \t  <strong>Der Autokindersitz<\/strong><\/div>\n    \t<div class=\"carlistimg\">\n        <img decoding=\"async\" src=\"\/getimage.php?src=\/dir\/pictures\/accessories\/child_car_seat_small2.jpg&#038;w=160&#038;h=100&#038;zc=2\">\n        <\/div>\n        <div class=\"carlistcontent\">\n         <ul>\n         \t<li>Details: Geeignet f\u00fcr 9 kg bis 36 kg, ab 9 Monate bis ca. 11 Jahre.  <\/li>\n         <\/ul>\n        <\/div>\n    \n    <\/div>\n    \n    <div class=\"carlistprices\">\n    \t<ul>\n        \t<li>1-3 Tag(e) <strong>7 $<\/strong><\/li>\n            <li>4-6 Tage <strong>6  $<\/strong><\/li>\n            <li>1 Woche 7 Tage und mehr\u2026 <strong style=\" color:white; font-size:22px;\">5  $<\/strong><\/li>\t\n        <\/ul>\n        <a href=\"\/de\/online-booking\" class=\"carlistbutton\">Boek nu<\/a>\n    <\/div>\n<\/div>\n<!--END CAR-->","protected":false},"excerpt":{"rendered":"GPS Navigator Karte: Georgien (lizenzierte) Details: Rechner, Uhr, ecoRoute, Garmin Lock, TMC (Verkehrskanal) , 2D-\/ 3D Perspektive, Automatische Neuberechnung der Route, Garmin Garage, W\u00e4hrungsrechner, Einheitenrechner, Foto-Anzeigefunktion, benutzerdefinierte POIs, eingebauter Lautsprecher 1-3 Tag(e) 10 $ 4-6 Tage 8 $ 1 Woche 7 Tage und mehr\u2026 7 $ Boek nu Dach-Basket Details: Thule 828 \u2013 Xperience Dach [&hellip;]","protected":false},"author":1,"featured_media":0,"parent":0,"menu_order":0,"comment_status":"open","ping_status":"open","template":"","meta":{"footnotes":""},"class_list":["post-911","page","type-page","status-publish","hentry"],"aioseo_notices":[],"_links":{"self":[{"href":"https:\/\/rentacar.ge\/de\/wp-json\/wp\/v2\/pages\/911","targetHints":{"allow":["GET"]}}],"collection":[{"href":"https:\/\/rentacar.ge\/de\/wp-json\/wp\/v2\/pages"}],"about":[{"href":"https:\/\/rentacar.ge\/de\/wp-json\/wp\/v2\/types\/page"}],"author":[{"embeddable":true,"href":"https:\/\/rentacar.ge\/de\/wp-json\/wp\/v2\/users\/1"}],"replies":[{"embeddable":true,"href":"https:\/\/rentacar.ge\/de\/wp-json\/wp\/v2\/comments?post=911"}],"version-history":[{"count":78,"href":"https:\/\/rentacar.ge\/de\/wp-json\/wp\/v2\/pages\/911\/revisions"}],"predecessor-version":[{"id":2505,"href":"https:\/\/rentacar.ge\/de\/wp-json\/wp\/v2\/pages\/911\/revisions\/2505"}],"wp:attachment":[{"href":"https:\/\/rentacar.ge\/de\/wp-json\/wp\/v2\/media?parent=911"}],"curies":[{"name":"wp","href":"https:\/\/api.w.org\/{rel}","templated":true}]}}