{"id":2080,"date":"2012-11-10T14:55:53","date_gmt":"2012-11-10T14:55:53","guid":{"rendered":"http:\/\/rentacar.ge\/?page_id=2080"},"modified":"2014-09-23T17:26:51","modified_gmt":"2014-09-23T17:26:51","slug":"kutaisi","status":"publish","type":"page","link":"https:\/\/rentacar.ge\/de\/kutaisi","title":{"rendered":"Kutaissi"},"content":{"rendered":"<h1>Herzlich Willkommen auf unserer Website Rent A Car Georgia. <\/h1>\r\nEs gibt so viele erstaunliche und wunderbare Pl\u00e4tze in der Welt, so viel Sch\u00f6nheit motiviert Sie, um ein paar Pl\u00e4tze noch besuchen und genie\u00dfen.<br \/><br \/>\r\nWenn Sie in Westgeorgien die antike Stadt Kutaissi besuchen, entdecken Sie viel faszinierende, geheimnisvolle und interessante Geschichte.<br \/><br \/>\r\nNoch 33 Jahrhundert vor, hier gab es noch ein Reich von Kolchis, der Besitzer des legend\u00e4ren Goldenen Vlies K\u00f6nig Aietes. Es wurde dann im Mythos der Argonauten  hier geboren. Sie gehen spazierend in der alten Stadt und  h\u00f6ren Sie die Legende zu,dass hier &#8222;Einmal gab es Milch, Wein, Wasser und duftendes \u00d6l Brunnen\u2026 irgendwo in den Palast erwartet Medea auf Jason und bereitet seinen geheimen Medizin\u2026 K\u00f6nig Aiet pflantzte mit den feuerspeienden Stieren die Drachenz\u00e4hne\u2026\u201d\r\nKutaisi &#8211; das ist der Ort, die seit Jahren in der Mittelpunkte Stand des Interesses der Menschen in der Welt, bekannte und kr\u00e4ftige  K\u00f6nige wollte immer es zu erobern.<br \/><br \/>\r\nIm Laufe der Jahrhunderte war die Stadt Residenz des Bagrationi Dynastie. Bei dem Besuch der Stadt, ist es fast unm\u00f6glich, nicht zu den Gelati-Kloster zu gehen und nicht zu besichtigen. <br \/><br \/>\r\n\r\nGelati-Kloster wurde  im 12. Jahrhundert von K\u00f6nig David der Erbauer gebaut. Der Komplex umfasst die folgenden Kirchen: Hauptkirche des Namens hl.Maria Himmelfahrt, hl.-Georgs-Kirche, hl.-Nikolaus-Kirche, der Glockenturm, das Mauer und das Akademiegeb\u00e4ude. Im MIttelalter Gelati war kulturelle, bildungs und religi\u00f6se Zentrum. In Gelati lebten und abreiteten Arsen Ikaltoeli, Ioane Petrizi und noch viele andere Erzier. Nach der Legende das Grab von K\u00f6nigin Tamra befindet sich in das Gebiet des Klosters. \r\n<br \/><br \/>\r\nIn den N\u00e4he Gelati Kloster befindet sich auf einem Felsen Kloster Motsameta. Neben das Kloster fliesst den Fluss Tskaltsitela. Nach der Legende in diesem Fluss wurde die Leichen von den Araben getotene Br\u00fcdern David und Konstantin Mkheidze gefunden.Heilige Br\u00fcder K\u00f6rper sind im Kloster begraben.<br \/><br \/>\r\n\r\n\r\nIn Kutaissi befindet sich auf einem H\u00fcgel die mittelalterliche Bagrati Kathedrale. K\u00f6nig Bagrat III hat im 11. Jahrhundert gebaut.Die mittelalterliche Kathedrale Bagrati und Kloster Gelati geh\u00f6ren die Liste von UNESCO-Weltkulturerbe. \r\n<br \/><br \/>\r\nIn der sch\u00f6nen Stadt Kutaisi, gibt es viele alten, sch\u00f6nen Stra\u00dfen, Parks, Brunnen. In die Mitte der Stadt steht der Brunne, der sch\u00f6n und mit St\u00fccken von Kolchis dekoriert ist. Rioni Fluss teilt die Stadt in zwei Teile, der Stadt werden \u00fcber Br\u00fccken miteinander verbunden, die die beiden Seiten, die sich durch ihre einzigartige Sch\u00f6nheit und Architektur auszeichnen. \r\n<br \/><br \/>\r\nIn Kutaissi befident sich historischen Museum, das der einzigartige Gegenst\u00e4nde hergestellt aus: Leder, Holz, Gold und Silber, Keramik und anderen Materialien. Es sind die \u00e4ltesten Handschriften. Alle diese Exponate von unsch\u00e4tzbarem Reichtum des Landes. \r\n<br \/><br \/>\r\n\r\nDie Gem\u00e4ldegalerie des Namens David Kakabadze enth\u00e4lt die Werke von den weltbekannten K\u00fcnstler Niko Firosmani.. \r\nDas milde Klima, die sch\u00f6ne und alte Denkm\u00e4ler, und vor allem die gro\u00dfe Gastfreundschaft der Stadt macht die Reise hier noch angenehmer. Kutaissi l\u00e4dt uns alle auf.","protected":false},"excerpt":{"rendered":"Herzlich Willkommen auf unserer Website Rent A Car Georgia. Es gibt so viele erstaunliche und wunderbare Pl\u00e4tze in der Welt, so viel Sch\u00f6nheit motiviert Sie, um ein paar Pl\u00e4tze noch besuchen und genie\u00dfen. Wenn Sie in Westgeorgien die antike Stadt Kutaissi besuchen, entdecken Sie viel faszinierende, geheimnisvolle und interessante Geschichte. Noch 33 Jahrhundert vor, hier [&hellip;]","protected":false},"author":1,"featured_media":0,"parent":0,"menu_order":0,"comment_status":"open","ping_status":"open","template":"","meta":{"footnotes":""},"class_list":["post-2080","page","type-page","status-publish","hentry"],"aioseo_notices":[],"_links":{"self":[{"href":"https:\/\/rentacar.ge\/de\/wp-json\/wp\/v2\/pages\/2080","targetHints":{"allow":["GET"]}}],"collection":[{"href":"https:\/\/rentacar.ge\/de\/wp-json\/wp\/v2\/pages"}],"about":[{"href":"https:\/\/rentacar.ge\/de\/wp-json\/wp\/v2\/types\/page"}],"author":[{"embeddable":true,"href":"https:\/\/rentacar.ge\/de\/wp-json\/wp\/v2\/users\/1"}],"replies":[{"embeddable":true,"href":"https:\/\/rentacar.ge\/de\/wp-json\/wp\/v2\/comments?post=2080"}],"version-history":[{"count":1,"href":"https:\/\/rentacar.ge\/de\/wp-json\/wp\/v2\/pages\/2080\/revisions"}],"predecessor-version":[{"id":2451,"href":"https:\/\/rentacar.ge\/de\/wp-json\/wp\/v2\/pages\/2080\/revisions\/2451"}],"wp:attachment":[{"href":"https:\/\/rentacar.ge\/de\/wp-json\/wp\/v2\/media?parent=2080"}],"curies":[{"name":"wp","href":"https:\/\/api.w.org\/{rel}","templated":true}]}}