{"id":2066,"date":"2012-11-06T16:46:02","date_gmt":"2012-11-06T16:46:02","guid":{"rendered":"http:\/\/rentacar.ge\/?page_id=2066"},"modified":"2012-12-13T10:05:08","modified_gmt":"2012-12-13T10:05:08","slug":"rent-a-car-georgia","status":"publish","type":"page","link":"https:\/\/rentacar.ge\/de\/rent-a-car-georgia","title":{"rendered":"Rent a car Georgia"},"content":{"rendered":"<p><strong>Warum ist ist es besser ein Auto zu mieten ?<\/strong><\/p>\r\n<p>Mehrere Leute m\u00f6chten nicht mit der Grupe reisen und bevorzugen alleine zu fahren. <br \/>\r\nViele Leute kommen in Georgien auf eine Gesch\u00e4ftreise an. Aus diesem Grund ist es besser ein Auto zu mieten. Wie bekannt, &quot;Rent a Car Georgia&quot; verf\u00fcgt \u00fcber die B\u00fcros in der St\u00e4dte Georgiens wo sich die internationale Flugh\u00e4fen befinden. Ein solches B\u00fcro befindet sich in der Stadt Kutaisi. Da Kutaisi Dawit Agmaschenebeli internationaler Flughafen die Fl\u00fcge von Kiew bekommt und in der Zukunf der Flughafen die Fl\u00fcge von Weissrussland, Russland und von anderen L\u00e4nder bekommen wird, war die einstimmige Entscheidung von der Management der Kompanie in der Stadt Kutaisi ein B\u00fcro zu \u00f6ffnen. Wir hoffen, dass die Autovermietung in Kutaisi zu einem der vorrangigen Bereich sein wird, was seinerseits den Komfort den Besuchern besorgen wird.<\/p>\r\n<p><strong>Wann ist es besser ein Auto zu mieten? <\/strong><br \/>\r\n Sie k\u00f6nnen bei uns in gew\u00fcnschter Zeit ein Auto mieten. Wir stehen zu Ihrer Verf\u00fcgung. Fahren Sie die georgische Wege mit uns und \u00a0entdecken Sie das Land Georgien von der Stadt Kutaisi.<\/p><!--38475--><!--38475-->","protected":false},"excerpt":{"rendered":"Warum ist ist es besser ein Auto zu mieten ? Mehrere Leute m\u00f6chten nicht mit der Grupe reisen und bevorzugen alleine zu fahren. Viele Leute kommen in Georgien auf eine Gesch\u00e4ftreise an. Aus diesem Grund ist es besser ein Auto zu mieten. Wie bekannt, &quot;Rent a Car Georgia&quot; verf\u00fcgt \u00fcber die B\u00fcros in der St\u00e4dte [&hellip;]","protected":false},"author":1,"featured_media":0,"parent":0,"menu_order":0,"comment_status":"open","ping_status":"open","template":"","meta":{"footnotes":""},"class_list":["post-2066","page","type-page","status-publish","hentry"],"aioseo_notices":[],"_links":{"self":[{"href":"https:\/\/rentacar.ge\/de\/wp-json\/wp\/v2\/pages\/2066","targetHints":{"allow":["GET"]}}],"collection":[{"href":"https:\/\/rentacar.ge\/de\/wp-json\/wp\/v2\/pages"}],"about":[{"href":"https:\/\/rentacar.ge\/de\/wp-json\/wp\/v2\/types\/page"}],"author":[{"embeddable":true,"href":"https:\/\/rentacar.ge\/de\/wp-json\/wp\/v2\/users\/1"}],"replies":[{"embeddable":true,"href":"https:\/\/rentacar.ge\/de\/wp-json\/wp\/v2\/comments?post=2066"}],"version-history":[{"count":12,"href":"https:\/\/rentacar.ge\/de\/wp-json\/wp\/v2\/pages\/2066\/revisions"}],"predecessor-version":[{"id":2217,"href":"https:\/\/rentacar.ge\/de\/wp-json\/wp\/v2\/pages\/2066\/revisions\/2217"}],"wp:attachment":[{"href":"https:\/\/rentacar.ge\/de\/wp-json\/wp\/v2\/media?parent=2066"}],"curies":[{"name":"wp","href":"https:\/\/api.w.org\/{rel}","templated":true}]}}