{"id":1815,"date":"2012-10-08T15:27:32","date_gmt":"2012-10-08T15:27:32","guid":{"rendered":"http:\/\/rentacar.ge\/?page_id=1815"},"modified":"2013-01-07T10:19:15","modified_gmt":"2013-01-07T10:19:15","slug":"tbilisi","status":"publish","type":"page","link":"https:\/\/rentacar.ge\/de\/tbilisi","title":{"rendered":"Tbilisi"},"content":{"rendered":"<p>Herzlich willkommen auf unsere \u00abRENT A CAR GEORGIA\u00bb.<br \/>\n <em>Sehr geehrte Leser wir haben f\u00fcr Sie sehr wichtige Informationen \u00fcber die Stadt Tbilisi vorbereitet. <\/em><br \/>\n <table width=\"300px\" border=\"0px\" cellpadding=\"0px\" cellspacing=\"0px\" id=\"tbilisiphotot1\">\n <tr><td id=\"tbilisitdcolum2\"><center>\u200b\u200bcity<\/center><\/td><\/tr>\n <tr><td><center><span>Tbilisi<\/span><\/center><\/td><\/tr>\n <tr><td><a href=\"\/Tbilisi.jpg\"><img decoding=\"async\" src=\"\/Tbilisi.jpg\" alt=\"Tbilisi,Georgia\" title=\"Tbilisi,Georgia\" width=\"300px\" height=\"230px\"\/><\/a><\/td><\/tr>\n<tr><td><center>Hotel Tbilisi<\/center><\/td><\/tr>\n<\/table>\n<strong>Tbilisi<\/strong> \u2013 die Hauptstadt und die gro\u00dfte Stadt der Republik Georgien.<br \/>\nDer Name der Stadt hat die Schwefelquelle verursacht, die in der Altstadt auf nat\u00fcrliche Weise ausflie\u00dft.<br \/>\nDer georgische Name Tbilissi bedeutet &#8220; die warme Quelle&#8220; (tbili &#8211; warm).<br \/>\nBis 1936 der gebr\u00e4uchliche Name von der Stadt Tbilisi war &#8222;Tiflis&#8220;. Der alte Name &#8222;Tiflis&#8220; ist von manchen Menschen noch gebr\u00e4uchlich.<br \/>\ndie Gesamtfl\u00e4che betr\u00e4gt 350 Quadratkilometer. Die Stadt hat 1.152 500 Einwohner. <br \/>   \nDie Stadt wurde im V. Jhr. v.Ch von der K\u00f6nig des Iberien Wachtang I. Gorgasali gegr\u00fcndet.<br \/> &#8222;Iberien &#8220; war der alte Name von Ostgeorgien. \nTbilisi ist das wichtige soziale und kulturelle Zentrum des Landes. \n <div style=\"float:left; padding:5px;\"><a href=\"\/wp-content\/uploads\/2012\/10\/fortress-tbilisi.jpg\"><img decoding=\"async\" src=\"\/wp-content\/uploads\/2012\/10\/fortress-tbilisi.jpg\" width=\"300px\" height=\"169px\" alt=\"walls from the old castle,tbilisi\" title=\"walls from the old castle,tbilisi\" \/><\/a><\/div>\nIn letzter Zeiten steht die Stadt st\u00e4ndig im Umbau . <br \/> \nW\u00e4hrend Erneuerung und Restaurierung der Puschkini Stra\u00dfe hat man die Reste von alter Festung aus XII-XVII Jahrhundert gefunden.<br \/> \nIn Tbilisi gibt es viele alte Stra\u00dfen, kulturelle und religi\u00f6se Geb\u00e4uden. W\u00e4hrend Stadtbesuch k\u00f6nnen die Besucher die Kultur und Geschichte der Stadt erfahren. <br \/> \nGeorgien ist ein christliches Land.<br \/> Schon 326 wurde das Christentum zur Staatsreligion Iberiens erkl\u00e4rt. <br \/> 84 Prozent der Bev\u00f6lkerung geh\u00f6ren der autokephalen Georgischen Orthodoxen Apostelkirche an.<br \/> Die Mehrheit der Bev\u00f6lkerung in Tbilisi ist christlich-orthodoxen und davon Ausgehend gibt es in Tbilisi viele Kirchen, die von Gl\u00e4ubigen st\u00e4ndig besucht sind.<br \/> \nDie gr\u00f6\u00dfte Kathedrale in Tbilisi ist Sameba ( Dreifaltigkeit) befindet sich in Awlabari Bezirk.<br \/> \nSameba ist von jedem Ort der Stadt zu sehen. \n <div style=\"float:left; padding:5px;\"><a href=\"\/wp-content\/uploads\/2012\/10\/sameba.jpg\"><img decoding=\"async\" src=\"\/wp-content\/uploads\/2012\/10\/sameba.jpg\" alt=\"Sameba,Georgia\" title=\"Sameba,Georgia\" width=\"300px\" height=\"172px;\" \/><\/a><\/div>\nIn der Altstadt befinden sich neben &#8222;Meidani&#8220; die Kirchenbauten religi\u00f6ser Minderheiten: judische Sinagoge und turkische Moschee. <\/p>\n <div style=\"clear:both;\"><\/div>\n<h2>Stadtbezirke<\/h2>\n<p>Die Stadt ist aus folgenden Bezirke geteilt:<br \/>\n Dighomi<br \/>\n <a href=\"\/wp-content\/uploads\/2012\/10\/digomi1.jpg\"><img decoding=\"async\" src=\"\/wp-content\/uploads\/2012\/10\/digomi1.jpg\" alt=\"photo,dighomi,tbilisi\" title=\"dighomi,tbilisi\" width=\"300px\" height=\"172px\" \/><\/a><br \/>\n Vake-Saburtalo<br \/>\n <a href=\"\/wp-content\/uploads\/2012\/10\/vake.jpg\"><img decoding=\"async\" src=\"\/wp-content\/uploads\/2012\/10\/vake.jpg\" alt=\"photo,vake,saburtalo,tbilisi\" title=\"vake\" width=\"300px\" height=\"172px\" \/><\/a><br \/>\n Isani-Samgori<br \/>\n <a href=\"\/wp-content\/uploads\/2012\/10\/isani.jpg\"><img decoding=\"async\" src=\"\/wp-content\/uploads\/2012\/10\/isani.jpg\" alt=\"photo,isani-samgori,isani tbilisi\" title=\"isani,tbilisi\" width=\"300px\" height=\"172px\" \/><\/a><br \/>\n Didube<br \/>\n <a href=\"\/wp-content\/uploads\/2012\/10\/didube.jpg\"><img decoding=\"async\" src=\"\/wp-content\/uploads\/2012\/10\/didube.jpg\" alt=\"photo,didube,tbilisi\" title=\"didube,tbilisi\" width=\"300px\" height=\"172px\" \/><\/a><br \/>\n Old Tbilisi<br \/>\n\n <a href=\"\/wp-content\/uploads\/2012\/10\/old-tbilisi-photos.jpg\"><img decoding=\"async\" src=\"\/wp-content\/uploads\/2012\/10\/old-tbilisi-photos.jpg\" alt=\"photo,old tbilisi,tbilisi\" title=\"old tbilisi,\u0422\u0431\u0438\u043b\u0438\u0441\u0438\" width=\"300px\" height=\"172px\" \/><\/a><br \/>\n Ortachala<br \/>\n <a href=\"\/wp-content\/uploads\/2012\/10\/ortachala.jpg\"><img decoding=\"async\" src=\"\/wp-content\/uploads\/2012\/10\/ortachala.jpg\" alt=\"photo,ortachala,tbilisi\" title=\"ortachala,tbilisi\" width=\"300px\" height=\"172px\" \/><\/a><br \/>\n Avlabari<br \/>\n <a href=\"\/wp-content\/uploads\/2012\/10\/avlabar.jpg\"><img decoding=\"async\" src=\"\/wp-content\/uploads\/2012\/10\/avlabar.jpg\" alt=\"photo,avlabari,tbilisi\" title=\"avlabari,tbilisi\" width=\"300px\" height=\"172px\" \/><\/a><br \/>\n Gldani<br \/>\n <a href=\"\/wp-content\/uploads\/2012\/10\/gldani.jpg\"><img decoding=\"async\" src=\"\/wp-content\/uploads\/2012\/10\/gldani.jpg\" alt=\"photo,gldani,\u0422\u0431\u0438\u043b\u0438\u0441\u0438\" title=\"gldani,tbilisi\" width=\"300px\" height=\"172px\" \/><\/a><br \/>\n Varketili<br \/>\n<a href=\"\/wp-content\/uploads\/2012\/10\/varketili.jpg\"><img decoding=\"async\" src=\"\/wp-content\/uploads\/2012\/10\/varketili.jpg\" alt=\"photo,Varketili,Tbilisi\" title=\"Varketili,Tbilisi\" width=\"300px\" height=\"172px\" \/><\/a><br \/>\n <\/p>\n<h2>Klima<\/h2>\n<p>Das Klima in Tiflis ist gem\u00e4\u00dfigt mild. Hei\u00dfe Sommer dauert fast bis Ende Oktober.<br \/>\n Der Winter ist warm. Meistens ohne Schnee. Doch wenn es schneit, jede Einwohner der Stadt wei\u00dft, da\u00df die Schnee nicht lange auf die Erde liegen wird. <\/p>\n <h2>Verkehr<\/h2>\n <p>Das Hauptverkehrsmittel in der stadt ist die U-Bahn. Weiter folgen Stadtbusse &#8222;Bogdan&#8220; und Minibusse.<br \/>\nDie Tbilisi Metro erlebt die st\u00e4ndige Modernisierung. Neue Eisenbahnwagen werden in Fabriken hergestellt.<br \/> Derzeit gibt es 22 U-Bahn-Stationen. in der Zukunft werden noch ein paar Stationen ge\u00f6ffnet werden .\n<br \/>\n<a href=\"\/wp-content\/uploads\/2012\/10\/metro-tbilisi.jpg\"><img decoding=\"async\" src=\"\/wp-content\/uploads\/2012\/10\/metro-tbilisi.jpg\" alt=\"Metro Tbilisi\" title=\"Metro Tbilisi\" width=\"300px\" height=\"172px\" \/><\/a><br \/>\n\u00d6ffentliches Verkehrsmittel verf\u00fcgt \u00fcber das automatische Zahlungmechanismus, f\u00fcr die man eine spezielle Karte &#8222;metromani&#8220; braucht , die in jedem U-Bahn-Station erworben werden kann.<br \/>\nReisekosten f\u00fcr Stadtbusse und Minibusse k\u00f6nnen auch per &#8222;metromani&#8220; bezahlt werden.<br \/>\n\n <a href=\"\/wp-content\/uploads\/2012\/10\/metro-money-card-tbilisi.jpg\"><img decoding=\"async\" src=\"\/wp-content\/uploads\/2012\/10\/metro-money-card-tbilisi.jpg\" alt=\"Metro Money Tbilisi Georgia\" title=\"Metro Money\"\/><\/a> <br \/>\n <\/p>\n<h2>Kultur<\/h2>\n<p>Tbilisi &#8211; mit ihrer eigenen alten Kultur ist die Hauptstadt Georgiens. <br \/>\nDie alte H\u00e4user, Kirchen, Festung und Geb\u00e4uden, die heutzutage in der Stadt aufbewahren sind, fesseln die Aufmerksamkeit der BesucherUm man die Stadt in vollen Z\u00fcgen der Sehnsw\u00fcrdigkeiten zu genie\u00dfen , mu\u00df man unbedingt die Narikala Festung besuchen.<br \/>\n Die Festung, die auf dem Felsen errichtet ist und die Stadt \u00fcberschaut.<br \/>\n Die zentrale Bezirken der Stadt, gr\u00fcne Parks, architektonische Geb\u00e4uden, sch\u00f6ne alte H\u00e4user und Kinderpl\u00e4tze erneuet man jeden Tag. <br \/>\n Die Stadt stellt eine Zusammenmischung der Ost und West Kulturen dar.\n <a href=\"\/wp-content\/uploads\/2012\/10\/tbilisi-today.jpg\"><img decoding=\"async\" src=\"\/wp-content\/uploads\/2012\/10\/tbilisi-today.jpg\" alt=\"Tbilisi Today\" title=\"Tbilisi Today\" width=\"300px\" height=\"172px\"\/><\/a> <br \/>\nDie georgische T\u00e4nze sind ausnahmslos der au\u00dfergew\u00f6hnlichen und \u00e4ltesten T\u00e4nze der Welt.<br \/>\n Die georgische Jugendlichen lernen gern die nationale T\u00e4nze.<br \/>\n <a href=\"\/wp-content\/uploads\/2012\/10\/georgian-dance.jpg\"><img decoding=\"async\" src=\"\/wp-content\/uploads\/2012\/10\/georgian-dance.jpg\" alt=\"Georgian Dance\" title=\"Georgian Dance\" width=\"300px\" height=\"172px\"\/><\/a> <br \/>\nIn mehreren traditionalen Restaurants in Tbilisi gibt es Kulturprogramm.<br \/> W\u00e4hrend eines sch\u00f6nen Abendessen in einem solchen Restaurant k\u00f6nnen Sie die georgische Volkssinge h\u00f6ren.<br \/> Sie \u00fcberzeugen sich, wie die mehrstimmige Gesange in Einklang kommen.<br \/>\nGeorgisches Volk ist durch Weinherstellung bekannt. In Georgien gibt es mehr als 525 Arten der Trauben. \n\n <\/p>\n<h2>Moderne Tbilisi<\/h2>\n <p>Tbilisi gleicht der anderen europ\u00e4ischen St\u00e4dte.<br \/> Die Stadt bietet den Besuchern ein gro\u00dfes Auswahl f\u00fcr Vergn\u00fcgung an. <br \/>W\u00e4hrend Spaziergang in der Stadt k\u00f6nnen Sie sich wie in einer europ\u00e4ischen Stadt f\u00fchlen.<br \/> Die verschiedenfarbige architektonische Geb\u00e4ude machen die Stadt f\u00fcr Besucher attraktiv.<br \/>\nIn der Stadt befinden sich viele Restaurants und Hotels.<br \/>\n In der Nacht sieht Tbilisi ganz anders aus.<br \/> Jede Ecke und Bauwerk in der Stadt ist beleuchtet .<br \/> Das Abendspaziergang in Tbilisi ist mehr angenehmer . \n<br \/>\n <a href=\"\/wp-content\/uploads\/2012\/10\/tbilisi-night.jpg\"><img decoding=\"async\" src=\"\/wp-content\/uploads\/2012\/10\/tbilisi-night.jpg\" alt=\"Tbilisi night\" title=\"Tbilisi night\" width=\"300px\" height=\"172px\" \/><\/a> <br \/>\n Fast von jedem Restaurant h\u00f6rt man die Stimme der Musik und der Unterhaltung, sowohl georgische und moderne .<br \/>\nDie Nachtclubs sind f\u00fcr alle Menschen offen und wenn Sie die Zeit mit interessanten Menschen verbringen m\u00f6chtet, stehen die Nachtclubs zu Ihrer Verf\u00fcgung. <br \/> \nMan kann Spa\u00df haben, sich vergn\u00fcgen, tanzen, lachen und unverge\u00dfliche Momente sp\u00fcren. <br \/>\nMan kann die Zeit in romantischer Umgebung verbringen.<br \/> Daf\u00fcr gibt es viele Cafes in der Stadt, wo man mit der Partnerin Getr\u00e4nke bestellen kann und im Begleitung der sch\u00f6ner Musik sich wie in Paris f\u00fchlen . \n\n <\/p>\n<h2>Georgische Kuche <\/h2>\n <p>IIn jedem Restaurant k\u00f6nnen Sie die kulinarische Meisterwerke der georgischer Kuche degustieren.<br \/> Zumal wenn Sie ein Feinschmecker sind, dann ist Tbilisi f\u00fcr Sie geignet.<br \/>\n<strong>Die georgische K\u00fcche ist in der ganzer Welt bekannt.<\/strong><br \/>\nHier sind folgende georgische Spezialit\u00e4ten:\n<br \/>\nChatschapuri ( K\u00e4sebrot)<br \/>\n(Ausgehend der regionalen Vielf\u00e4ltigkeit des Landes, bietet Georgien viele verschiedene Arten und Backensweise von Chatschapuri an.)<br \/>\n <a href=\"\/wp-content\/uploads\/2012\/10\/ajara-hachapuri.jpg\"><img decoding=\"async\" src=\"\/wp-content\/uploads\/2012\/10\/ajara-hachapuri.jpg\" alt=\"Chatschapuri,Georgische Kuche\" title=\"khachapuri\" widtch=\"300px\" height=\"172px\" \/><\/a> <br \/>\nMtzwadi (Im offenem Feuer gebratener Fleisch )<br \/>\n <a href=\"\/wp-content\/uploads\/2012\/10\/mcvadi.jpg\"><img decoding=\"async\" src=\"\/wp-content\/uploads\/2012\/10\/mcvadi.jpg\" alt=\"Mtzwadi ,Georgische Kuche\" title=\"Mtsvadi\" widtch=\"300px\" height=\"172px\" \/><\/a> <br \/>\n Chinkali ( Fleisch Teigtaschen )<br \/>\n <a href=\"\/wp-content\/uploads\/2012\/10\/khinkali.jpg\"><img decoding=\"async\" src=\"\/wp-content\/uploads\/2012\/10\/khinkali.jpg\" alt=\"Chinkali,Georgische Kuche\" title=\"Khinkali\" widtch=\"300px\" height=\"172px\" \/><\/a> <br \/> \n &#8222;Tschakapuli&#8220;<br \/>\n <a href=\"\/wp-content\/uploads\/2012\/10\/chakapuli.jpg\"><img decoding=\"async\" src=\"\/wp-content\/uploads\/2012\/10\/chakapuli.jpg\" alt=\"Tschakapuli,Georgische Kuche\" title=\"Chakapuli\" widtch=\"300px\" height=\"172px\" \/><\/a> <br \/> \n &#8222;Tschachochbili&#8220;<br \/>\n <a href=\"\/wp-content\/uploads\/2012\/10\/chahohbili.jpg\"><img decoding=\"async\" src=\"\/wp-content\/uploads\/2012\/10\/chahohbili.jpg\" alt=\"Tschachochbili,Georgische Kuche\" title=\"Chakhokhbili\" widtch=\"300px\" height=\"172px\" \/><\/a> <br \/> \nPilzen im Teller aus Ton. (Teller aus der Ton sind nationales Gef\u00e4\u00df \/Geschirr.)<br \/>\n <a href=\"\/wp-content\/uploads\/2012\/10\/soko-kecze.jpg\"><img decoding=\"async\" src=\"\/wp-content\/uploads\/2012\/10\/soko-kecze.jpg\" alt=\"Pilzen im Teller aus Ton,Georgische Kuche\" title=\"Mushroon on the clat plate\" widtch=\"300px\" height=\"172px\" \/><\/a> <br \/> \nSaziwi (\u00f6fter wird f\u00fcr Neujahrs Tisch vorbereitet )<br \/>\n <a href=\"\/wp-content\/uploads\/2012\/10\/sacivi.jpg\"><img decoding=\"async\" src=\"\/wp-content\/uploads\/2012\/10\/sacivi.jpg\" alt=\"Saziwi,Georgische Kuche\" title=\"Satsivi\" widtch=\"300px\" height=\"172px\" \/><\/a> <br \/> \n &#8222;Odjachuri&#8220;<br \/>\n <a href=\"\/wp-content\/uploads\/2012\/10\/ojaxuri.jpg\"><img decoding=\"async\" src=\"\/wp-content\/uploads\/2012\/10\/ojaxuri.jpg\" alt=\"Odjachuri,Georgische Kuche\" title=\"Ojakhuri\" widtch=\"300px\" height=\"172px\" \/><\/a> <br \/> \n &#8222;Tschurtschchela&#8220;<br \/> \n <a href=\"\/wp-content\/uploads\/2012\/10\/churchxela.jpg\"><img decoding=\"async\" src=\"\/wp-content\/uploads\/2012\/10\/churchxela.jpg\" alt=\"Tschurtschchela,Georgische Kuche\" title=\"Churchkhela\" widtch=\"300px\" height=\"172px\" \/><\/a> <br \/> \nAlle diese Spezialit\u00e4ten werden im Restauranten mit <strong>georgischen Weinen angeboten werden<\/strong>. . <br \/> \n <a href=\"\/wp-content\/uploads\/2012\/10\/georgian-vine.jpg\"><img decoding=\"async\" src=\"\/wp-content\/uploads\/2012\/10\/georgian-vine.jpg\" alt=\"georgischen Weinen\" title=\"Georgian wine\" widtch=\"300px\" height=\"172px\" \/><\/a> <br \/><\/p>\n<p><em>Wenn Sie weitere Fragen haben oder m\u00f6chten zus\u00e4tzliche Information \u00fcber die Stadt bekommen, kontaktieren sie bitte un.<\/em><br \/>\n <em>Vielen Dank f\u00fcr die Aufmerksamkeit.<\/em><\/p>","protected":false},"excerpt":{"rendered":"Herzlich willkommen auf unsere \u00abRENT A CAR GEORGIA\u00bb. Sehr geehrte Leser wir haben f\u00fcr Sie sehr wichtige Informationen \u00fcber die Stadt Tbilisi vorbereitet. \u200b\u200bcity Tbilisi Hotel Tbilisi Tbilisi \u2013 die Hauptstadt und die gro\u00dfte Stadt der Republik Georgien. Der Name der Stadt hat die Schwefelquelle verursacht, die in der Altstadt auf nat\u00fcrliche Weise ausflie\u00dft. Der [&hellip;]","protected":false},"author":1,"featured_media":0,"parent":0,"menu_order":0,"comment_status":"open","ping_status":"open","template":"","meta":{"footnotes":""},"class_list":["post-1815","page","type-page","status-publish","hentry"],"aioseo_notices":[],"_links":{"self":[{"href":"https:\/\/rentacar.ge\/de\/wp-json\/wp\/v2\/pages\/1815","targetHints":{"allow":["GET"]}}],"collection":[{"href":"https:\/\/rentacar.ge\/de\/wp-json\/wp\/v2\/pages"}],"about":[{"href":"https:\/\/rentacar.ge\/de\/wp-json\/wp\/v2\/types\/page"}],"author":[{"embeddable":true,"href":"https:\/\/rentacar.ge\/de\/wp-json\/wp\/v2\/users\/1"}],"replies":[{"embeddable":true,"href":"https:\/\/rentacar.ge\/de\/wp-json\/wp\/v2\/comments?post=1815"}],"version-history":[{"count":15,"href":"https:\/\/rentacar.ge\/de\/wp-json\/wp\/v2\/pages\/1815\/revisions"}],"predecessor-version":[{"id":2258,"href":"https:\/\/rentacar.ge\/de\/wp-json\/wp\/v2\/pages\/1815\/revisions\/2258"}],"wp:attachment":[{"href":"https:\/\/rentacar.ge\/de\/wp-json\/wp\/v2\/media?parent=1815"}],"curies":[{"name":"wp","href":"https:\/\/api.w.org\/{rel}","templated":true}]}}