{"id":1751,"date":"2012-10-05T10:36:31","date_gmt":"2012-10-05T10:36:31","guid":{"rendered":"http:\/\/rentacar.ge\/?page_id=1751"},"modified":"2013-02-15T07:44:39","modified_gmt":"2013-02-15T07:44:39","slug":"car-rent-in-georgia","status":"publish","type":"page","link":"https:\/\/rentacar.ge\/de\/car-rent-in-georgia","title":{"rendered":"Die Autovermietung in Georgien"},"content":{"rendered":"Herzlich willkommen liebe Besucher auf &ldquo;RENT A CAR GEORGIA&rdquo; \r\n<br \/>\r\nWenn Sie allein auf eine Gesch\u00e4ftsreise oder mit Freunden Georgien besuchen m\u00f6chten,werden Sie sich fragen, wo besser ein Auto zu mieten in Tbilisi oder in anderen St\u00e4dte des Landes zum Beispiel in Batumi oder in Kutaisi.\r\n<br \/>\r\n Es gibt ein gro\u00dfer Auswahl der Autovermietung in Georgien,Concord Travel ist die erfolgreichste Mietwagen Kompanie , die von Ihnen gew\u00fcnschte Auto zu Ihrer Verf\u00fcgung stellt. <br \/>\r\n Georgien verf\u00fcgt sich keine Autoherstellung und deswegen sind die Wagen (einschlie\u00dfend BMW und Mersedec) aus Deutschland,USA und Japan geliefert. In Georgien meist beliebt autos sind Jeeps.<br \/>\r\n<h2>Online Mietwagen in Georgien<\/h2><br \/>\r\n Das ist einfacher, schneller und zuverl\u00e4ssiger <br \/>\r\n Die Aoutvermietung Kompanie bietet Ihnen an: <br \/>\r\n * H\u00f6here Sicherheit -100%<br \/>\r\n *Bequeme Fahrt -100%<br \/>\r\n *Das Auto ohne Fahrer -100%<br \/>\r\n * F\u00fchrung, Navigation und Karten-100% <br \/>\r\n *Kindersitz-100%<br \/>\r\n *Auto mit professioneller Autofahrer-100%<br \/>\r\n *Und nat\u00fcrlich, Rabatte und Sonderaktionen (manchmal gibt es ein Auto zu gewinnen) -30%<br \/>\r\n<h3>Hunderte von attraktiven Angeboten der Mietwagen Kompanien in Tbilisi<\/h3>\r\n<br \/>\r\n Unsere Mietwagen Kompanie bietet Ihnen verschieden <a href=\"http:\/\/rentacar.ge\/de\/georgia-kutaisi-car-rental\">Autos in Kutaisi<\/a> an. <br \/>\r\n Wenn Sie Fragen haben warum in Kutaisi dann ist die Antwort klar. Es ist nicht lange seit wir in Kutaisi Mietwagen Kompanie er\u00f6ffnet haben. Unsere Mietwagen Kompanie in Kutaisi bietet ihren Kunden die Autos von verschiedener Klasse an und macht viele Sonderangebote. \r\n<br \/>\r\n  Auserdem wir bieten Autos zum Vermieten in Batumi &#8211; eine Hafenstadt am Schwarzen Meer und Hauptstadt der Autonomen Republik Adscharien im s\u00fcdwestlichen Georgien. <br \/>\r\n  Zur\u00fcck zum Thema Autovermietung in Georgien. \r\n<br \/>\r\n<h4>Hier sind die f\u00fchrende Mietwagenkompanien in Georgien :<\/h4><br \/>\r\n  <a href=\"http:\/\/rentacar.ge\">Rent a car Tbilisi<\/a> (Die Kompanie bietet eine gro\u00dfe Auswahl an Autos an.) <br \/>\r\n  <a href=\"http:\/\/concordmotors.ge\/\">Concord Motors<\/a> (Die einzigste Mietwagen Kompanie in Tbilisi)<br \/>\r\n  <a href=\"http:\/\/naniko.com\/\">Naniko Rent a Car<\/a> (rasch entwickelnde internationale Kompanie <br \/>\r\n  Sie k\u00f6nnen sicher sein, da\u00df Sie w\u00e4hrend Ihrer Aufenthalt in Georgien kein Problem mit der Autovermietung haben werden. <br \/>\r\n  Wenn Sie Fragen haben und m\u00f6chten uns kontaktieren, bitte schicken Sie eine\u00a0 E-mail unter unserer Adresse <a href=\"mailto:contact@rentacar.ge\">contact@rentacar.ge<\/a> <br \/>\r\n  Es ist nichts unm\u00f6glich, hauptsache ist die Umgang mit der Sache zu finden.","protected":false},"excerpt":{"rendered":"Herzlich willkommen liebe Besucher auf &ldquo;RENT A CAR GEORGIA&rdquo; Wenn Sie allein auf eine Gesch\u00e4ftsreise oder mit Freunden Georgien besuchen m\u00f6chten,werden Sie sich fragen, wo besser ein Auto zu mieten in Tbilisi oder in anderen St\u00e4dte des Landes zum Beispiel in Batumi oder in Kutaisi. Es gibt ein gro\u00dfer Auswahl der Autovermietung in Georgien,Concord Travel [&hellip;]","protected":false},"author":1,"featured_media":0,"parent":0,"menu_order":0,"comment_status":"open","ping_status":"open","template":"","meta":{"footnotes":""},"class_list":["post-1751","page","type-page","status-publish","hentry"],"aioseo_notices":[],"_links":{"self":[{"href":"https:\/\/rentacar.ge\/de\/wp-json\/wp\/v2\/pages\/1751","targetHints":{"allow":["GET"]}}],"collection":[{"href":"https:\/\/rentacar.ge\/de\/wp-json\/wp\/v2\/pages"}],"about":[{"href":"https:\/\/rentacar.ge\/de\/wp-json\/wp\/v2\/types\/page"}],"author":[{"embeddable":true,"href":"https:\/\/rentacar.ge\/de\/wp-json\/wp\/v2\/users\/1"}],"replies":[{"embeddable":true,"href":"https:\/\/rentacar.ge\/de\/wp-json\/wp\/v2\/comments?post=1751"}],"version-history":[{"count":21,"href":"https:\/\/rentacar.ge\/de\/wp-json\/wp\/v2\/pages\/1751\/revisions"}],"predecessor-version":[{"id":2332,"href":"https:\/\/rentacar.ge\/de\/wp-json\/wp\/v2\/pages\/1751\/revisions\/2332"}],"wp:attachment":[{"href":"https:\/\/rentacar.ge\/de\/wp-json\/wp\/v2\/media?parent=1751"}],"curies":[{"name":"wp","href":"https:\/\/api.w.org\/{rel}","templated":true}]}}