{"id":1375,"date":"2012-05-25T17:11:34","date_gmt":"2012-05-25T17:11:34","guid":{"rendered":"http:\/\/rentacar.ge\/?page_id=1375"},"modified":"2013-02-12T17:50:21","modified_gmt":"2013-02-12T17:50:21","slug":"deals","status":"publish","type":"page","link":"https:\/\/rentacar.ge\/de\/deals","title":{"rendered":"Vorschl\u00e4ge"},"content":{"rendered":"<div class=\"dealswhy\">\r\n<h1 style=\"color: #999; font-size: 35px;\">Warum sollen  Sie  ein Auto  bei  uns  mieten?<\/h1>\r\n<\/div>\r\n<div class=\"dealswhy dealwbg\"><p><strong style=\"color: #fff; font-size: 16px;\">Nicht  verge\u00dfen!<\/strong>\r\nDer niedriger Preis,\r\nGro\u00dfe und erfolgraeiche  Arbeitserfahrung,\r\nSonderangebot,\r\nWenn der Flug sich versp\u00e4tet, werden wir auf Sie warten!\r\nWir haben oft neue Angebote f\u00fcr unsere Kunden<\/p><\/div>\r\n<div class=\"deals\">\r\n<h1 class=\"title\"><img decoding=\"async\" class=\"whydealsimg\" src=\"\/dir\/pictures\/deals.png\" alt=\"\" \/>Spezielle Angebote!<\/h1>\r\n<div class=\"dealstext\">Wir  wollen unseren Kunden Zusatzm\u00f6glichkeiten anbieten!\r\nNur  vom  25 Oktober bis  28  November bieten  wir  Ihnen kostenlose  GPS  Navigatoren! \r\nKostenloser  Zusatzfahrer- der  beste  Vorschlag  f\u00fcr Sie!\r\n<\/div>\r\n<h1 class=\"title\"><img decoding=\"async\" class=\"whydealsimg\" src=\"\/dir\/pictures\/deals.png\" alt=\"\" \/>Verpassen  Sie diese  Chance nicht  und  bestellen  Sie  unsere  Bedienung!<\/h1>\r\n<div class=\"dealstext\">Vom 25 Oktober   bis 25 November wird  Kindersitzs kostenlos  f\u00fcr  Sie! Nutzen  sie  Ihre  chance  aus  und  mieten  Sie  bei  uns  das Auto! \r\n<\/div>\r\n<h1 class=\"title\"><img decoding=\"async\" class=\"whydealsimg\" src=\"\/dir\/pictures\/deals.png\" alt=\"\" \/>Der  bester  Vorschlag! Letzte Buchung!<\/h1>\r\n<div class=\"dealstext\">Vom  26 Oktober  bis  15 November wir  bieten  ihnen Land  Rover Discover 2  an  unter  folgender  Bedienung:  Wenn  Sie  dieses  Auto  mehr  als  10  Tagen  mieten,wird  Preis  per  Tag 89 USD  statt  94 USD  sein.  <\/div>\r\n<\/div><!--38475--><!--38475-->","protected":false},"excerpt":{"rendered":"Warum sollen Sie ein Auto bei uns mieten? Nicht verge\u00dfen! Der niedriger Preis, Gro\u00dfe und erfolgraeiche Arbeitserfahrung, Sonderangebot, Wenn der Flug sich versp\u00e4tet, werden wir auf Sie warten! Wir haben oft neue Angebote f\u00fcr unsere Kunden Spezielle Angebote! Wir wollen unseren Kunden Zusatzm\u00f6glichkeiten anbieten! Nur vom 25 Oktober bis 28 November bieten wir Ihnen kostenlose [&hellip;]","protected":false},"author":1,"featured_media":0,"parent":0,"menu_order":0,"comment_status":"open","ping_status":"open","template":"","meta":{"footnotes":""},"class_list":["post-1375","page","type-page","status-publish","hentry"],"aioseo_notices":[],"_links":{"self":[{"href":"https:\/\/rentacar.ge\/de\/wp-json\/wp\/v2\/pages\/1375","targetHints":{"allow":["GET"]}}],"collection":[{"href":"https:\/\/rentacar.ge\/de\/wp-json\/wp\/v2\/pages"}],"about":[{"href":"https:\/\/rentacar.ge\/de\/wp-json\/wp\/v2\/types\/page"}],"author":[{"embeddable":true,"href":"https:\/\/rentacar.ge\/de\/wp-json\/wp\/v2\/users\/1"}],"replies":[{"embeddable":true,"href":"https:\/\/rentacar.ge\/de\/wp-json\/wp\/v2\/comments?post=1375"}],"version-history":[{"count":19,"href":"https:\/\/rentacar.ge\/de\/wp-json\/wp\/v2\/pages\/1375\/revisions"}],"predecessor-version":[{"id":2327,"href":"https:\/\/rentacar.ge\/de\/wp-json\/wp\/v2\/pages\/1375\/revisions\/2327"}],"wp:attachment":[{"href":"https:\/\/rentacar.ge\/de\/wp-json\/wp\/v2\/media?parent=1375"}],"curies":[{"name":"wp","href":"https:\/\/api.w.org\/{rel}","templated":true}]}}