{"id":1212,"date":"2012-02-28T14:56:38","date_gmt":"2012-02-28T14:56:38","guid":{"rendered":"http:\/\/rentacar.ge\/?page_id=1212"},"modified":"2013-08-29T14:19:40","modified_gmt":"2013-08-29T14:19:40","slug":"georgia-kutaisi-car-rental","status":"publish","type":"page","link":"https:\/\/rentacar.ge\/de\/georgia-kutaisi-car-rental","title":{"rendered":"Kutaisi Car rental"},"content":{"rendered":"<a href=\"\/wp-content\/uploads\/2012\/02\/georgia_kutaisi1.jpg\"><img loading=\"lazy\" decoding=\"async\" class=\"alignnone size-medium wp-image-1550\" style=\"padding: 10px;\" title=\"kutaisi\" src=\"\/wp-content\/uploads\/2012\/02\/georgia_kutaisi1.jpg\" alt=\"\" width=\"300\" height=\"225\" align=\"left\" \/><\/a>\r\n\r\nRent a car Georgia bietet Ihnen die Autovermietung in Kutaisi an. Wie bekannt Kutaisi ist eine der \u00e4lteste Stadt Georgiens. Kutaisi liegt an den beiden Ufern des Flu\u00dfes Rioni 220 km wiet von Tbilisi. In Kutaisi befindet sich den Flughafen Kopitnari. In Kopitnari baut man einen neuen internationalen Flughafen, wo die bilige Fl\u00fcge weltweit durchgef\u00fchrt werden. Ein davion ist WIZZ AIR, der ab September die Fl\u00fcge nach Kutaisi durchf\u00fchren wird.\r\n\r\nKutaisi ist sehr interessante Stadt f\u00fcr Besucher , davonausgehend wird die Stadt von vielen Touristen besucht. In der N\u00e4he von Kutaisi befindet sich den Kurort Tskaltubo.Tskaltubo ist bekannt mit Heilquelle, wundersch\u00f6ne Natur und mit Promete Grotte, bekannteste Grotte in Georgien.\r\n\r\nIn Kutaisi k\u00f6nnen Sie renovierte Altstadt und der sch\u00f6nste Bagrati Tempel besuchen. Au\u00dferdem in Kutaisi k\u00f6nnen Sie Gelati Kloster, Motsameta und Sataplia Grotte besuchen. In der Sataplia Grotte sind die Fu\u00dfabdr\u00fccke von Fu\u00dfabdr\u00fccke von Dinosauriern entdeckt.\r\n\r\nAus diesem Grund ist es besser bei der Ankunft in Kutaisi ein Auto zu mieten.\r\nRent A Car Georgia bietet Ihnen eine gro\u00dfe Auswahl der Mietwagen in billigen Preis.\r\n\r\nMieten Sie ein Auto bei der Rent a car Georgia und reisen Sie bequem und billig in Georgien.\r\n\r\nRent a car Goergia bietet Ihnen einen gro\u00dfen Asuwahl von Mietwagen, um Sie sich bequem und frei zu bewegen und Ihr Fart angenehm zu machen. Dienstleistung bietet Autos f\u00fcr St\u00e4dtefahrt und Hochbergfahrt.\r\n\r\nWagenvermietung garantiert Ihnen beste Autos und g\u00fcnstige Preise. Zu Ihner Verf\u00fcgung stehen PKW, Jeeps, Mini- und Reisebuse. Mit dieser Autovermietung finden sie den Mietwagen im guten Zustand. Hochwertige Autos sind nicht nur in Tbilisi sondern auch in beliebigen Ort von Georgien verf\u00fcgbar.\r\n\r\nAutovermitung ist m\u00f6glich wie per Internet so auch per Telefon. Mit einfachem Klick ist die Miete eines Wagens schon l\u00f6sbar.\r\n\r\nAusser zahlreiches Verkehrsmiettel stehen auch erfahrene Fahrer zu Ihrem Dienst.\r\n\r\nSie werden von unseren qualifizierten Personal und Experten beraten und mit erstellte Diensleistung zufrieden bleiben.\r\n\r\n\u201eRent a car Georgia\u201d achtet immer auf Qualit\u00e4t seiner Dienstleistung und versorgt seinen Kunden immer mit besten Verkehrsmittel. Die ausgef\u00fchrte Bedingungen machen dieser Veranstallter auf Markt f\u00fchrend.\r\n\r\nVerlieren Sie keine Zeit und melden Sie sich sofort.","protected":false},"excerpt":{"rendered":"Rent a car Georgia bietet Ihnen die Autovermietung in Kutaisi an. Wie bekannt Kutaisi ist eine der \u00e4lteste Stadt Georgiens. Kutaisi liegt an den beiden Ufern des Flu\u00dfes Rioni 220 km wiet von Tbilisi. In Kutaisi befindet sich den Flughafen Kopitnari. In Kopitnari baut man einen neuen internationalen Flughafen, wo die bilige Fl\u00fcge weltweit durchgef\u00fchrt [&hellip;]","protected":false},"author":1,"featured_media":1637,"parent":0,"menu_order":0,"comment_status":"open","ping_status":"closed","template":"","meta":{"footnotes":""},"class_list":["post-1212","page","type-page","status-publish","has-post-thumbnail","hentry"],"aioseo_notices":[],"_links":{"self":[{"href":"https:\/\/rentacar.ge\/de\/wp-json\/wp\/v2\/pages\/1212","targetHints":{"allow":["GET"]}}],"collection":[{"href":"https:\/\/rentacar.ge\/de\/wp-json\/wp\/v2\/pages"}],"about":[{"href":"https:\/\/rentacar.ge\/de\/wp-json\/wp\/v2\/types\/page"}],"author":[{"embeddable":true,"href":"https:\/\/rentacar.ge\/de\/wp-json\/wp\/v2\/users\/1"}],"replies":[{"embeddable":true,"href":"https:\/\/rentacar.ge\/de\/wp-json\/wp\/v2\/comments?post=1212"}],"version-history":[{"count":147,"href":"https:\/\/rentacar.ge\/de\/wp-json\/wp\/v2\/pages\/1212\/revisions"}],"predecessor-version":[{"id":1285,"href":"https:\/\/rentacar.ge\/de\/wp-json\/wp\/v2\/pages\/1212\/revisions\/1285"}],"wp:featuredmedia":[{"embeddable":true,"href":"https:\/\/rentacar.ge\/de\/wp-json\/wp\/v2\/media\/1637"}],"wp:attachment":[{"href":"https:\/\/rentacar.ge\/de\/wp-json\/wp\/v2\/media?parent=1212"}],"curies":[{"name":"wp","href":"https:\/\/api.w.org\/{rel}","templated":true}]}}