{"id":1089,"date":"2011-12-20T17:48:05","date_gmt":"2011-12-20T17:48:05","guid":{"rendered":"http:\/\/rentacar.ge\/?page_id=1089"},"modified":"2013-03-18T14:00:40","modified_gmt":"2013-03-18T14:00:40","slug":"rent-a-car-batumi","status":"publish","type":"page","link":"https:\/\/rentacar.ge\/de\/rent-a-car-batumi","title":{"rendered":"Auto Buchung in Batumi"},"content":{"rendered":"<p>Fahren Sie nach Batumi auf einer Gesch\u00e4ftsreise oder m\u00f6chten Sie Ihre Urlaub in Batumi machen ?\u00a0<br \/>\nHaben Sie beschlo\u00dfen in Batumi ein Auto zu buchen ? <br \/>\nDie beste Mietwagen Kompanie in Batumi steht zu Ihrer Verf\u00fcgung. Einfach anrufen +995 (32) 214 11 22 oder schicken Sie uns eine E-mail contact@rentacar.ge .<br \/>\n Billig und in kurzer Zeit liefern wir Ihnen die Autos in Batumi: PKW, Jeeps, Autos der erste Klasse, mini und gro\u00dfe Autobu\u00dfe. <br \/>\n Sie k\u00f6nnen in Batumi das Auto mit automatische oder manuelle Transmission mit der Fahrer oder ohne Fahrer mieten.<br \/>\n Wir k\u00f6nnen Ihnen das Auto im Flughafen, im Bahnhof oder von Ihnen in gew\u00fcnschtem Ort liefern. <br \/>\n Wir sorgen f\u00fcr unsere Kunden und garantieren kostenlose Versicherung. <br \/>\n Die Autoversicherung ist sehr wichtig, weil in Georgien viele Wege durch gebirgige Regionen f\u00fchren.<br \/>\nWenn Sie ein Auto in Batumi mieten m\u00f6chten,bitte sehen Sie die Liste der Autos f\u00fcr Mieten an. <br \/>\nHier k\u00f6nnen sie alle wichtige Informationen bekommen. Sie k\u00f6nnen das Auto wie per Telefon als auch per Internet buchen. <br \/>\n Mieten sie das Auto bei Rent a car Georgia und sparen Sie das Geld, weil unsere Preise g\u00fcnstig Preise im Land sind . <br \/>\n Angesichts der Bed\u00fcrfnisse unserer Kunden bieten wir Ihnen verschiedene Rabatte an. Zu Ihrer Verf\u00fcgung steht ein gro\u00dfer Auswahl der Autos wie die ekonom Klasse als auch der erster Klasse. <br \/>\n Alle unsere Autos sind mit modernen und bequemen Systemen ausger\u00fcstet,die eine sichere Fahrt garantieren. <br \/>\n Unsere Kompanie bietet Ihnen neueste technische Informationen \u00fcber Wege und \u00fcber Infrastrukturswandel an. <br \/>\n Das garantiert seinerseits eine komfortable Fahrt im Laufe 24 Stunde Dienst.<br \/>\nMieten Sie ein Auto in Batumi bei unserer Kompanie und versorgen Sie Ihre erfolgreiche Gesch\u00e4ftsreise und sch\u00f6ne Urlaub. <br \/>\nW\u00e4hlen Sie eine f\u00fcr Sie beste Mietwagen Kompanie in Batumi mit einfachem Klick.<\/p>","protected":false},"excerpt":{"rendered":"Fahren Sie nach Batumi auf einer Gesch\u00e4ftsreise oder m\u00f6chten Sie Ihre Urlaub in Batumi machen ?\u00a0 Haben Sie beschlo\u00dfen in Batumi ein Auto zu buchen ? Die beste Mietwagen Kompanie in Batumi steht zu Ihrer Verf\u00fcgung. Einfach anrufen +995 (32) 214 11 22 oder schicken Sie uns eine E-mail contact@rentacar.ge . Billig und in kurzer [&hellip;]","protected":false},"author":1,"featured_media":0,"parent":0,"menu_order":0,"comment_status":"open","ping_status":"open","template":"","meta":{"footnotes":""},"class_list":["post-1089","page","type-page","status-publish","hentry"],"aioseo_notices":[],"_links":{"self":[{"href":"https:\/\/rentacar.ge\/de\/wp-json\/wp\/v2\/pages\/1089","targetHints":{"allow":["GET"]}}],"collection":[{"href":"https:\/\/rentacar.ge\/de\/wp-json\/wp\/v2\/pages"}],"about":[{"href":"https:\/\/rentacar.ge\/de\/wp-json\/wp\/v2\/types\/page"}],"author":[{"embeddable":true,"href":"https:\/\/rentacar.ge\/de\/wp-json\/wp\/v2\/users\/1"}],"replies":[{"embeddable":true,"href":"https:\/\/rentacar.ge\/de\/wp-json\/wp\/v2\/comments?post=1089"}],"version-history":[{"count":54,"href":"https:\/\/rentacar.ge\/de\/wp-json\/wp\/v2\/pages\/1089\/revisions"}],"predecessor-version":[{"id":1104,"href":"https:\/\/rentacar.ge\/de\/wp-json\/wp\/v2\/pages\/1089\/revisions\/1104"}],"wp:attachment":[{"href":"https:\/\/rentacar.ge\/de\/wp-json\/wp\/v2\/media?parent=1089"}],"curies":[{"name":"wp","href":"https:\/\/api.w.org\/{rel}","templated":true}]}}